{"id":4378,"date":"2022-01-29T17:30:26","date_gmt":"2022-01-29T17:30:26","guid":{"rendered":"http:\/\/emazing-creations.com\/?page_id=4378"},"modified":"2022-05-03T08:12:37","modified_gmt":"2022-05-03T08:12:37","slug":"obrazec","status":"publish","type":"page","link":"https:\/\/emazing-creations.com\/en\/obrazec\/","title":{"rendered":"Obrazec"},"content":{"rendered":"<section id=\"bt_bb_section69f10efb63838\"  class=\"bt_bb_section bt_bb_color_scheme_6 bt_bb_layout_boxed_1600 bt_bb_vertical_align_top\" style=\";background-color:#ffffff;\"><div class=\"bt_bb_port\"><div class=\"bt_bb_cell\"><div class=\"bt_bb_cell_inner\"><div class=\"bt_bb_row_wrapper\"><div  class=\"bt_bb_row\"  data-bt-override-class=\"{}\"><div  class=\"bt_bb_column col-xxl-12 col-xl-12 bt_bb_vertical_align_top bt_bb_align_center bt_bb_padding_normal\"  data-width=\"12\" data-bt-override-class=\"{}\"><div class=\"bt_bb_column_content\"><div class=\"bt_bb_column_content_inner\"><div class=\"bt_bb_content_slider bt_bb_gap_no_gap bt_bb_arrows_size_normal bt_bb_show_dots_hide bt_bb_height_half_screen bt_bb_animation_fade bt_bb_animation_fade animate bt_bb_navigation_color_light\" data-bt-override-class=\"{}\"><div class=\"slick-slider fade\"  data-slick='{ \"lazyLoad\": \"progressive\", \"cssEase\": \"ease-out\", \"speed\": \"600\", \"accessibility\": false, \"fade\": true, \"prevArrow\": \"&lt;button type=\\\"button\\\" class=\\\"slick-prev\\\" aria-label=\\\"Previous\\\" tabindex=\\\"0\\\" role=\\\"button\\\"&gt;&lt;\/button&gt;\", \"nextArrow\": \"&lt;button type=\\\"button\\\" class=\\\"slick-next\\\" aria-label=\\\"Next\\\" tabindex=\\\"0\\\" role=\\\"button\\\"&gt;&lt;\/button&gt;\", \"adaptiveHeight\": true,\"autoplay\": true, \"autoplaySpeed\": 3000}' ><div class=\"bt_bb_content_slider_item bt_bb_effect_zoom\" style=\";background-image:url(https:\/\/emazing-creations.com\/wp-content\/uploads\/2022\/05\/Neza_Joe-1023.jpg);\"><div class=\"bt_bb_content_slider_item_content content\"><div class=\"bt_bb_row_wrapper\"><div  class=\"bt_bb_row_inner\"  data-bt-override-class=\"{}\"><div  class=\"bt_bb_column_inner col-xxl-12 col-xl-12 bt_bb_align_center bt_bb_vertical_align_middle bt_bb_padding_normal bt_bb_animation_fade_in bt_bb_animation_move_up animate\"  data-width=\"12\" data-bt-override-class=\"{&quot;bt_bb_align_&quot;:{&quot;current_class&quot;:&quot;bt_bb_align_center&quot;,&quot;xxl&quot;:&quot;center&quot;,&quot;xl&quot;:&quot;center&quot;}}\"><div class=\"bt_bb_column_inner_content\"><div class=\"bt_bb_separator bt_bb_top_spacing_60 bt_bb_bottom_spacing_medium bt_bb_border_style_none bt_bb_hidden_xs bt_bb_hidden_ms\"><\/div><div class=\"bt_bb_separator bt_bb_bottom_spacing_large bt_bb_border_style_none bt_bb_hidden_sm bt_bb_hidden_md bt_bb_hidden_lg\"><\/div><header class=\"bt_bb_headline bt_bb_dash_none bt_bb_subtitle_style_regular bt_bb_size_large bt_bb_align_inherit\" style=\";font-family:&#039;Ballet&#039;\" data-bt-override-class=\"{&quot;bt_bb_size_&quot;:{&quot;current_class&quot;:&quot;bt_bb_size_large&quot;,&quot;xxl&quot;:&quot;large&quot;,&quot;xl&quot;:&quot;large&quot;,&quot;xs&quot;:&quot;extralarge&quot;},&quot;bt_bb_align_&quot;:{&quot;current_class&quot;:&quot;bt_bb_align_inherit&quot;,&quot;xxl&quot;:&quot;inherit&quot;,&quot;xl&quot;:&quot;inherit&quot;}}\"><h1 style=\"font-family:'Ballet'\" class=\"bt_bb_headline_tag\"><span class=\"bt_bb_headline_content\"><span>Reservation form<\/span><\/span><\/h1><\/header><\/div><\/div><\/div><\/div><\/div><\/div><\/div><\/div><\/div><\/div><\/div><\/div><\/div><\/div><\/div><\/div><\/section><section id=\"bt_bb_section69f10efb63d98\"  class=\"bt_bb_section bt_bb_layout_boxed_1200\" ><div class=\"bt_bb_port\"><div class=\"bt_bb_cell\"><div class=\"bt_bb_cell_inner\"><div class=\"bt_bb_row_wrapper\"><div  class=\"bt_bb_row\"  data-bt-override-class=\"{}\"><div  class=\"bt_bb_column col-xxl-12 col-xl-12 col-xs-12 col-sm-12 col-md-12 col-lg-12 bt_bb_vertical_align_top bt_bb_align_left bt_bb_padding_normal\"  data-width=\"12\" data-bt-override-class=\"{}\"><div class=\"bt_bb_column_content\"><div class=\"bt_bb_column_content_inner\"><div class=\"bt_bb_contact_form_7\">\n<div class=\"wpcf7 no-js\" id=\"wpcf7-f4377-o1\" lang=\"sl-SI\" dir=\"ltr\">\n<div class=\"screen-reader-response\"><p role=\"status\" aria-live=\"polite\" aria-atomic=\"true\"><\/p> <ul><\/ul><\/div>\n<form action=\"\/en\/wp-json\/wp\/v2\/pages\/4378#wpcf7-f4377-o1\" method=\"post\" class=\"wpcf7-form init\" aria-label=\"Contact form\" enctype=\"multipart\/form-data\" novalidate=\"novalidate\" data-status=\"init\" data-trp-original-action=\"\/en\/wp-json\/wp\/v2\/pages\/4378#wpcf7-f4377-o1\">\n<div style=\"display: none;\">\n<input type=\"hidden\" name=\"_wpcf7\" value=\"4377\" \/>\n<input type=\"hidden\" name=\"_wpcf7_version\" value=\"5.7.6\" \/>\n<input type=\"hidden\" name=\"_wpcf7_locale\" value=\"sl_SI\" \/>\n<input type=\"hidden\" name=\"_wpcf7_unit_tag\" value=\"wpcf7-f4377-o1\" \/>\n<input type=\"hidden\" name=\"_wpcf7_container_post\" value=\"0\" \/>\n<input type=\"hidden\" name=\"_wpcf7_posted_data_hash\" value=\"\" \/>\n<input type=\"hidden\" name=\"_wpcf7_recaptcha_response\" value=\"\" \/>\n<\/div>\n\n<h2>BASIC INFO\n<\/h2>\n<p><label> Name and Surname<br \/>\n<span class=\"wpcf7-form-control-wrap\" data-name=\"ime\"><input size=\"40\" class=\"wpcf7-form-control wpcf7-text wpcf7-validates-as-required\" aria-required=\"true\" aria-invalid=\"false\" value=\"\" type=\"text\" name=\"ime\" \/><\/span> <\/label>\n<\/p>\n<p><label> Phone number<br \/>\n<span class=\"wpcf7-form-control-wrap\" data-name=\"telefon\"><input size=\"40\" class=\"wpcf7-form-control wpcf7-text wpcf7-validates-as-required\" aria-required=\"true\" aria-invalid=\"false\" value=\"\" type=\"text\" name=\"telefon\" \/><\/span> <\/label>\n<\/p>\n<p><label> E-mail address<br \/>\n<span class=\"wpcf7-form-control-wrap\" data-name=\"email\"><input size=\"40\" class=\"wpcf7-form-control wpcf7-text wpcf7-email wpcf7-validates-as-required wpcf7-validates-as-email\" aria-required=\"true\" aria-invalid=\"false\" value=\"\" type=\"email\" name=\"email\" \/><\/span> <\/label>\n<\/p>\n<p><label> Date of the event<br \/>\n<span class=\"wpcf7-form-control-wrap\" data-name=\"datum\"><input size=\"40\" class=\"wpcf7-form-control wpcf7-text wpcf7-validates-as-required\" aria-required=\"true\" aria-invalid=\"false\" value=\"\" type=\"text\" name=\"datum\" \/><\/span> <\/label>\n<\/p>\n<p><label> Event type<br \/>\n<span class=\"wpcf7-form-control-wrap\" data-name=\"tip\"><input size=\"40\" class=\"wpcf7-form-control wpcf7-text wpcf7-validates-as-required\" aria-required=\"true\" aria-invalid=\"false\" value=\"\" type=\"text\" name=\"tip\" \/><\/span> <\/label>\n<\/p>\n<h2>ORDER TAKE OVER\n<\/h2>\n<p><span class=\"wpcf7-form-control-wrap\" data-name=\"prevzem\"><span class=\"wpcf7-form-control wpcf7-radio\"><span class=\"wpcf7-list-item first\"><label><input type=\"radio\" name=\"prevzem\" value=\"OSEBNI PREVZEM V STUDIU - (Moste 101, 4274 \u017dirovnica) od ponedeljka do petka med 10. in 14. uro in v soboto ob 8. uri oziroma po dogovoru, \u010de je to mogo\u010de. Prevzemi on nedeljah niso mogo\u010di. Prevzemi v studiu so brezpla\u010dni.\" checked=\"checked\" \/><span class=\"wpcf7-list-item-label\">PERSONAL PICK-UP AT THE STUDIO - (Moste 101, 4274 \u017dirovnica) from monday to friday 10:00-14:00, and saturday at 8:00 or by agreement if that is possible. Pick-up on sunday is not possible. Pick-up at the studio is free of charge.<\/span><\/label><\/span><span class=\"wpcf7-list-item\"><label><input type=\"radio\" name=\"prevzem\" value=\"OSEBNI PREVZEM V CAKE SHOPU v Ljubljani - (Trubarjeva cesta 22, 1000 Ljubljana) v \u010dasu ko je Cake Shop odprt. Prevzem na lokaciji je mo\u017een izklju\u010dno v primeru, da lahko zagotovimo dovolj prostora v hladilniku oziroma je poleg cukrov dovolj prostora za torto po naro\u010dilu. Prevzem v Cake Shopu je mo\u017een proti dopla\u010dilu 10\u20ac.\" \/><span class=\"wpcf7-list-item-label\">PERSONAL PICK-UP AT THE CAKE SHOP LJUBLJANA - (Trubarjeva cesta 22, 1000 Ljubljana) in the time of the opening hours. Pick-up at the location is only possible if we can ensure enough space in the refrigerator. Collection at the Cake Shop is possible against an additional payment of \u20ac10.<\/span><\/label><\/span><span class=\"wpcf7-list-item\"><label><input type=\"radio\" name=\"prevzem\" value=\"OSEBNI PREVZEM NA PREVZEMNEM MESTU V KRANJU - (uvoz v gara\u017eo Planeta Tu\u0161) je mo\u017een izklju\u010dno ob sobotah ob 9. uri zjutraj proti dopla\u010dilu 25\u20ac.\" \/><span class=\"wpcf7-list-item-label\">PERSONAL COLLECTION AT THE PICKUP POINT IN KRANJ - (entrance to the Planet Tu\u0161 garage) is possible only on Saturdays at 9 a.m. for an additional payment of \u20ac25.<\/span><\/label><\/span><span class=\"wpcf7-list-item last\"><label><input type=\"radio\" name=\"prevzem\" value=\"DOSTAVA DO IZBRANEGA NASLOVA - Dostava do izbranega naslova se priporo\u010da v primeru ve\u010dnadstropnih tort in naro\u010dil ve\u010djega obsega. Dostava je mo\u017ena od ponedeljka do sobote tekom dneva oziroma po dogovoru in glede na na\u0161o razpolo\u017eljivost in zasedenost termina. V primeru izbora dostave, je potrebno ob oddaji obrazca zagotovit kontakt osebe, ki bo na lokaciji prevzela odgovornost za naro\u010dilo in pa \u010dasovni okvir, v katerem je naro\u010dilo mo\u017eno dostaviti na izbrano lokacijo.\" \/><span class=\"wpcf7-list-item-label\">DELIVERY TO THE SELECTED ADDRESS - Delivery to the selected address is recommended for multi-tiered cakes and larger orders. Delivery is possible from Monday to Saturday during the day or by appointment and depending on our availability and busyness of the chosen day. If delivery is selected, when submitting the form, it is necessary to provide the contact of the person who will take responsibility for the order at the location and the time frame in which the order can be delivered to the selected location.<\/span><\/label><\/span><\/span><\/span>\n<\/p>\n<p><b>Information for delivery to the selected address <\/b>\n<\/p>\n<p><label> Delivery address<br \/>\n<span class=\"wpcf7-form-control-wrap\" data-name=\"dostava-naslov\"><input size=\"40\" class=\"wpcf7-form-control wpcf7-text\" aria-invalid=\"false\" value=\"\" type=\"text\" name=\"dostava-naslov\" \/><\/span> <\/label><br \/>\n<label> Contact person<br \/>\n<span class=\"wpcf7-form-control-wrap\" data-name=\"dostava-kontakt\"><input size=\"40\" class=\"wpcf7-form-control wpcf7-text\" aria-invalid=\"false\" value=\"\" type=\"text\" name=\"dostava-kontakt\" \/><\/span> <\/label><br \/>\n<label> Contact number<br \/>\n<span class=\"wpcf7-form-control-wrap\" data-name=\"dostava-telefon\"><input size=\"40\" class=\"wpcf7-form-control wpcf7-text\" aria-invalid=\"false\" value=\"\" type=\"text\" name=\"dostava-telefon\" \/><\/span> <\/label><br \/>\n<label> Delivery timeframe<br \/>\n<span class=\"wpcf7-form-control-wrap\" data-name=\"dostava-cas\"><input size=\"40\" class=\"wpcf7-form-control wpcf7-text\" aria-invalid=\"false\" value=\"\" type=\"text\" name=\"dostava-cas\" \/><\/span> <\/label>\n<\/p>\n<h2>SCOPE OF THE ORDER\n<\/h2>\n<h3>CAKE\n<\/h3>\n<p><b>Cake arrangement:<\/b><br \/>\n<span class=\"wpcf7-form-control-wrap\" data-name=\"torta\"><select class=\"wpcf7-form-control wpcf7-select wpcf7-validates-as-required\" aria-required=\"true\" aria-invalid=\"false\" name=\"torta\"><option value=\"Enonadstropna\">One-tier<\/option><option value=\"Ekstra visoka\">Extra high<\/option><option value=\"Dvonadstropna\">Two-tier<\/option><option value=\"Dvonadstropna ekstra visoka\">Two-tier extra high<\/option><option value=\"Trinadstropna\">Three-tier<\/option><option value=\"Trinadstropna ekstra visoka\">Three-tier extra high<\/option><option value=\"\u0160tirinadstropna torta\">Four-tier<\/option><option value=\"Razgibana kombinacija ve\u010dih tort\">A varied combination of several cakes<\/option><\/select><\/span>\n<\/p>\n<p><b>Number of pieces:<\/b><br \/>\n<label> You can find the option of different sizes and numbers of pieces in our informative price list.<br \/>\n<span class=\"wpcf7-form-control-wrap\" data-name=\"torta-kosi\"><input size=\"40\" class=\"wpcf7-form-control wpcf7-text\" aria-invalid=\"false\" value=\"\" type=\"text\" name=\"torta-kosi\" \/><\/span> <\/label>\n<\/p>\n<p><b>Selected flavors from our collection:<\/b><br \/>\n<label> You can find a possible selection of flavors in our collection of flavors.<br \/>\n<span class=\"wpcf7-form-control-wrap\" data-name=\"torta-okus\"><input size=\"40\" class=\"wpcf7-form-control wpcf7-text\" aria-invalid=\"false\" value=\"\" type=\"text\" name=\"torta-okus\" \/><\/span> <\/label>\n<\/p>\n<p><b>Special dietary requirements\/allergens:<\/b><br \/>\n<label> Do we have to pay special attention to anything during the production itself?<br \/>\n<span class=\"wpcf7-form-control-wrap\" data-name=\"torta-posebnosti\"><input size=\"40\" class=\"wpcf7-form-control wpcf7-text\" aria-invalid=\"false\" value=\"\" type=\"text\" name=\"torta-posebnosti\" \/><\/span> <\/label>\n<\/p>\n<h3>SWEETS\n<\/h3>\n<p><b>Sweets type<\/b><br \/>\n<label> Cupcakes, cakepopsicles, mini pies, macarons, donuts etc.<br \/>\n<span class=\"wpcf7-form-control-wrap\" data-name=\"sladice-vrsta\"><input size=\"40\" class=\"wpcf7-form-control wpcf7-text\" aria-invalid=\"false\" value=\"\" type=\"text\" name=\"sladice-vrsta\" \/><\/span> <\/label>\n<\/p>\n<p><b>Quantity:<\/b><br \/>\n<label> Observe the minimum quantities required to order the confectionery in question. You can find this information in our informative price list of confectionery.<br \/>\n<span class=\"wpcf7-form-control-wrap\" data-name=\"sladice-stevilo\"><input size=\"40\" class=\"wpcf7-form-control wpcf7-text\" aria-invalid=\"false\" value=\"\" type=\"text\" name=\"sladice-stevilo\" \/><\/span> <\/label>\n<\/p>\n<p><b>Selected flavors from our collection:<\/b><br \/>\n<label> You can find a possible selection of flavors in our collection of flavors.<br \/>\n<span class=\"wpcf7-form-control-wrap\" data-name=\"sladica-okus\"><input size=\"40\" class=\"wpcf7-form-control wpcf7-text\" aria-invalid=\"false\" value=\"\" type=\"text\" name=\"sladica-okus\" \/><\/span> <\/label>\n<\/p>\n<h2>SPECIAL WISHES\n<\/h2>\n<p><label> <b>Write a sentence or two about the person(s) for whom the creation is intended.<\/b><br \/>\nThe description will help us create a conceptual design that will be aimed at this person.<br \/>\n<span class=\"wpcf7-form-control-wrap\" data-name=\"zelja-oseba\"><input size=\"40\" class=\"wpcf7-form-control wpcf7-text\" aria-invalid=\"false\" value=\"\" type=\"text\" name=\"zelja-oseba\" \/><\/span> <\/label>\n<\/p>\n<p class=\" translation-block\"><label> Does the event have a special theme?<br>\nThematic wedding (sea, mountain, travel theme, Great Gatsby, etc.), themed birthday celebration (pirates, forest animals,<br>\nmermaid, dinosaurs, cars, etc.), themed events (company anniversary, Abraham, banquet of business partners, business events<br>\netc.)<br>\n    <span class=\"wpcf7-form-control-wrap cabbage-theme\"><\/span> <\/label><\/p>\n<p><label> <b>What is the style of the event?<\/b><br \/>\nElegant, minimalist, rustic, vintage, shabby chic, boho, marine, natural, traditional, etc.<br \/>\n<span class=\"wpcf7-form-control-wrap\" data-name=\"zelja-stil\"><input size=\"40\" class=\"wpcf7-form-control wpcf7-text\" aria-invalid=\"false\" value=\"\" type=\"text\" name=\"zelja-stil\" \/><\/span> <\/label>\n<\/p>\n<p><label> <b>Describe the color palette of the event.<\/b><br \/>\nThe color palette allows us to customize the design and match the cake with the whole event.<br \/>\n<span class=\"wpcf7-form-control-wrap\" data-name=\"zelja-barva\"><input size=\"40\" class=\"wpcf7-form-control wpcf7-text\" aria-invalid=\"false\" value=\"\" type=\"text\" name=\"zelja-barva\" \/><\/span> <\/label>\n<\/p>\n<p><label> <b>Would you like to include any special details on the cake?<\/b><br \/>\nFigurines, acrylic inscription, calligraphic inscription, fresh flowers, dried flowers, chocolate dripping, stencil, garland of balloons, special techniques, edible print, etc.<br \/>\n<span class=\"wpcf7-form-control-wrap\" data-name=\"zelja-detajl\"><input size=\"40\" class=\"wpcf7-form-control wpcf7-text\" aria-invalid=\"false\" value=\"\" type=\"text\" name=\"zelja-detajl\" \/><\/span> <\/label>\n<\/p>\n<p><label> <b>Want to add our \"Styling &amp; Decor\" service to the event? If so, which one?<\/b><br \/>\nWe take full care of decorating the event with a sweet corner. There are various Styling &amp; Decor packages available to look at<br \/>\nour website under the tab of the same name.<br \/>\n<span class=\"wpcf7-form-control-wrap\" data-name=\"zelja-storitev\"><input size=\"40\" class=\"wpcf7-form-control wpcf7-text\" aria-invalid=\"false\" value=\"\" type=\"text\" name=\"zelja-storitev\" \/><\/span> <\/label>\n<\/p>\n<p><label> <b>The price range you are willing to spend on the entire order. <\/b><br \/>\nIncluding any selected services (delivery, stand rental, ...)<br \/>\n<span class=\"wpcf7-form-control-wrap\" data-name=\"cenovni-razpon\"><input size=\"40\" class=\"wpcf7-form-control wpcf7-text\" aria-invalid=\"false\" value=\"\" type=\"text\" name=\"cenovni-razpon\" \/><\/span> <\/label>\n<\/p>\n<p><label>HAVE YOU TRACKED A PHOTO OF THE CAKE ON OUR PAGE, WHICH SPECIFICALLY CAME INTO YOUR EYES? DO YOU HAVE A MOODBOARD EVENT? Pictorial material is very welcome.<br \/>\nATTACH IT HERE.<\/label>\n<\/p>\n<p><div class=\"wpcf7-form-control-wrap dropfiles-171\"><span class=\"wpcf7-form-control-wrap dropfiles-171\"><div class=\"cf7-dragandrophandler-container\">\r\n              <div class=\"cf7-dragandrophandler\" data-type=\"jpg|jpeg|png|gif|pdf|doc|docx|ppt|pptx|odt|avi|ogg|m4a|mov|mp3|mp4|mpg|wav|wmv\" data-size=\"10485760\" data-max=\"\">\r\n                <div class=\"cf7-dragandrophandler-inner\">\r\n                    <div class=\"cf7-text-drop\">Dodajte va\u0161o datoteko<\/div>\r\n                    <div class=\"cf7-text-or\">ali<\/div>\r\n                    <div class=\"cf7-text-browser\"><a href=\"#\">Search for file<\/a><\/div>\r\n                <\/div>\r\n                <input type=\"file\" class=\"input-uploads hidden\" multiple>\r\n            <\/div><\/div><input size=\"40\" class=\"wpcf7-form-control wpcf7-dropfiles cf7-drop-upload\" aria-invalid=\"false\" type=\"hidden\" name=\"dropfiles-171\" \/><\/span><\/div>\n<\/p>\n<p><b>YOU WILL RECEIVE AN ANSWER WITHIN 1-3 WORKING DAYS<\/b><br \/>\n<b>ON AVAILABILITY OF THE TERM AND PRICE OFFER.<\/b>\n<\/p>\n<p><span class=\"wpcf7-form-control-wrap\" data-name=\"pogoji\"><span class=\"wpcf7-form-control wpcf7-checkbox wpcf7-validates-as-required\"><span class=\"wpcf7-list-item first last\"><label><input type=\"checkbox\" name=\"pogoji[]\" value=\"Prebral\/-a sem in strinjam se s\" \/><span class=\"wpcf7-list-item-label\">I have read and agree with<\/span><\/label><\/span><\/span><\/span><a href=\"https:\/\/emazing-creations.com\/en\/pogoji-poslovanja\/\">terms and conditions of the website<\/a>\n<\/p>\n<p><input class=\"wpcf7-form-control has-spinner wpcf7-submit\" type=\"submit\" value=\"PLACE THE ORDER\" \/>\n<\/p><div class=\"wpcf7-response-output\" aria-hidden=\"true\"><\/div><input type=\"hidden\" value=\"0\" class=\"cf7-droptype\" >\n<input type=\"hidden\" name=\"trp-form-language\" value=\"en\"\/><\/form>\n<\/div>\n<\/div><\/div><\/div><\/div><\/div><\/div><\/div><\/div><\/div><\/section>","protected":false},"excerpt":{"rendered":"","protected":false},"author":4,"featured_media":5233,"parent":0,"menu_order":0,"comment_status":"closed","ping_status":"closed","template":"","meta":[],"yoast_head":"<!-- This site is optimized with the Yoast SEO plugin v20.5 - https:\/\/yoast.com\/wordpress\/plugins\/seo\/ -->\n<title>Obrazec &mdash; Emazing creations<\/title>\n<meta name=\"description\" content=\"Izpolnite obrazec za povpra\u0161evanje po Emazing tortah in sla\u0161\u010dicah po naro\u010dilu za dogodke, kot so poroke, rojstni dan, krst, dekli\u0161\u010dina ...\" \/>\n<meta name=\"robots\" content=\"index, follow, max-snippet:-1, max-image-preview:large, max-video-preview:-1\" \/>\n<link rel=\"canonical\" href=\"https:\/\/emazing-creations.com\/en\/obrazec\/\" \/>\n<meta property=\"og:locale\" content=\"en_US\" \/>\n<meta property=\"og:type\" content=\"article\" \/>\n<meta property=\"og:title\" content=\"Obrazec &mdash; Emazing creations\" \/>\n<meta property=\"og:description\" content=\"Izpolnite obrazec za povpra\u0161evanje po Emazing tortah in sla\u0161\u010dicah po naro\u010dilu za dogodke, kot so poroke, rojstni dan, krst, dekli\u0161\u010dina ...\" \/>\n<meta property=\"og:url\" content=\"https:\/\/emazing-creations.com\/en\/obrazec\/\" \/>\n<meta property=\"og:site_name\" content=\"Emazing creations\" \/>\n<meta property=\"article:publisher\" content=\"https:\/\/www.facebook.com\/emazingcreationsbyema\" \/>\n<meta property=\"article:modified_time\" content=\"2022-05-03T08:12:37+00:00\" \/>\n<meta property=\"og:image\" content=\"https:\/\/emazing-creations.com\/wp-content\/uploads\/2022\/04\/obrazec_povprasevanje_narocilo.jpg\" \/>\n\t<meta property=\"og:image:width\" content=\"900\" \/>\n\t<meta property=\"og:image:height\" content=\"605\" \/>\n\t<meta property=\"og:image:type\" content=\"image\/jpeg\" \/>\n<meta name=\"twitter:card\" content=\"summary_large_image\" \/>\n<meta name=\"twitter:label1\" content=\"Est. reading time\" \/>\n\t<meta name=\"twitter:data1\" content=\"2 minutes\" \/>\n<script type=\"application\/ld+json\" class=\"yoast-schema-graph\">{\"@context\":\"https:\/\/schema.org\",\"@graph\":[{\"@type\":\"WebPage\",\"@id\":\"https:\/\/emazing-creations.com\/obrazec\/\",\"url\":\"https:\/\/emazing-creations.com\/obrazec\/\",\"name\":\"Obrazec &mdash; Emazing creations\",\"isPartOf\":{\"@id\":\"https:\/\/emazing-creations.com\/#website\"},\"datePublished\":\"2022-01-29T17:30:26+00:00\",\"dateModified\":\"2022-05-03T08:12:37+00:00\",\"description\":\"Izpolnite obrazec za povpra\u0161evanje po Emazing tortah in sla\u0161\u010dicah po naro\u010dilu za dogodke, kot so poroke, rojstni dan, krst, dekli\u0161\u010dina ...\",\"breadcrumb\":{\"@id\":\"https:\/\/emazing-creations.com\/obrazec\/#breadcrumb\"},\"inLanguage\":\"en-US\",\"potentialAction\":[{\"@type\":\"ReadAction\",\"target\":[\"https:\/\/emazing-creations.com\/obrazec\/\"]}]},{\"@type\":\"BreadcrumbList\",\"@id\":\"https:\/\/emazing-creations.com\/obrazec\/#breadcrumb\",\"itemListElement\":[{\"@type\":\"ListItem\",\"position\":1,\"name\":\"Home\",\"item\":\"https:\/\/emazing-creations.com\/\"},{\"@type\":\"ListItem\",\"position\":2,\"name\":\"Obrazec\"}]},{\"@type\":\"WebSite\",\"@id\":\"https:\/\/emazing-creations.com\/#website\",\"url\":\"https:\/\/emazing-creations.com\/\",\"name\":\"Emazing creations\",\"description\":\"Pocukran lajf\",\"potentialAction\":[{\"@type\":\"SearchAction\",\"target\":{\"@type\":\"EntryPoint\",\"urlTemplate\":\"https:\/\/emazing-creations.com\/?s={search_term_string}\"},\"query-input\":\"required name=search_term_string\"}],\"inLanguage\":\"en-US\"}]}<\/script>\n<!-- \/ Yoast SEO plugin. -->","yoast_head_json":{"title":"Obrazec &mdash; Emazing creations","description":"Izpolnite obrazec za povpra\u0161evanje po Emazing tortah in sla\u0161\u010dicah po naro\u010dilu za dogodke, kot so poroke, rojstni dan, krst, dekli\u0161\u010dina ...","robots":{"index":"index","follow":"follow","max-snippet":"max-snippet:-1","max-image-preview":"max-image-preview:large","max-video-preview":"max-video-preview:-1"},"canonical":"https:\/\/emazing-creations.com\/en\/obrazec\/","og_locale":"en_US","og_type":"article","og_title":"Obrazec &mdash; Emazing creations","og_description":"Izpolnite obrazec za povpra\u0161evanje po Emazing tortah in sla\u0161\u010dicah po naro\u010dilu za dogodke, kot so poroke, rojstni dan, krst, dekli\u0161\u010dina ...","og_url":"https:\/\/emazing-creations.com\/en\/obrazec\/","og_site_name":"Emazing creations","article_publisher":"https:\/\/www.facebook.com\/emazingcreationsbyema","article_modified_time":"2022-05-03T08:12:37+00:00","og_image":[{"width":900,"height":605,"url":"https:\/\/emazing-creations.com\/wp-content\/uploads\/2022\/04\/obrazec_povprasevanje_narocilo.jpg","type":"image\/jpeg"}],"twitter_card":"summary_large_image","twitter_misc":{"Est. reading time":"2 minutes"},"schema":{"@context":"https:\/\/schema.org","@graph":[{"@type":"WebPage","@id":"https:\/\/emazing-creations.com\/obrazec\/","url":"https:\/\/emazing-creations.com\/obrazec\/","name":"Obrazec &mdash; Emazing creations","isPartOf":{"@id":"https:\/\/emazing-creations.com\/#website"},"datePublished":"2022-01-29T17:30:26+00:00","dateModified":"2022-05-03T08:12:37+00:00","description":"Izpolnite obrazec za povpra\u0161evanje po Emazing tortah in sla\u0161\u010dicah po naro\u010dilu za dogodke, kot so poroke, rojstni dan, krst, dekli\u0161\u010dina ...","breadcrumb":{"@id":"https:\/\/emazing-creations.com\/obrazec\/#breadcrumb"},"inLanguage":"en-US","potentialAction":[{"@type":"ReadAction","target":["https:\/\/emazing-creations.com\/obrazec\/"]}]},{"@type":"BreadcrumbList","@id":"https:\/\/emazing-creations.com\/obrazec\/#breadcrumb","itemListElement":[{"@type":"ListItem","position":1,"name":"Home","item":"https:\/\/emazing-creations.com\/"},{"@type":"ListItem","position":2,"name":"Obrazec"}]},{"@type":"WebSite","@id":"https:\/\/emazing-creations.com\/#website","url":"https:\/\/emazing-creations.com\/","name":"Emazing creations","description":"Pocukran lajf","potentialAction":[{"@type":"SearchAction","target":{"@type":"EntryPoint","urlTemplate":"https:\/\/emazing-creations.com\/?s={search_term_string}"},"query-input":"required name=search_term_string"}],"inLanguage":"en-US"}]}},"_links":{"self":[{"href":"https:\/\/emazing-creations.com\/en\/wp-json\/wp\/v2\/pages\/4378"}],"collection":[{"href":"https:\/\/emazing-creations.com\/en\/wp-json\/wp\/v2\/pages"}],"about":[{"href":"https:\/\/emazing-creations.com\/en\/wp-json\/wp\/v2\/types\/page"}],"author":[{"embeddable":true,"href":"https:\/\/emazing-creations.com\/en\/wp-json\/wp\/v2\/users\/4"}],"replies":[{"embeddable":true,"href":"https:\/\/emazing-creations.com\/en\/wp-json\/wp\/v2\/comments?post=4378"}],"version-history":[{"count":15,"href":"https:\/\/emazing-creations.com\/en\/wp-json\/wp\/v2\/pages\/4378\/revisions"}],"predecessor-version":[{"id":5541,"href":"https:\/\/emazing-creations.com\/en\/wp-json\/wp\/v2\/pages\/4378\/revisions\/5541"}],"wp:featuredmedia":[{"embeddable":true,"href":"https:\/\/emazing-creations.com\/en\/wp-json\/wp\/v2\/media\/5233"}],"wp:attachment":[{"href":"https:\/\/emazing-creations.com\/en\/wp-json\/wp\/v2\/media?parent=4378"}],"curies":[{"name":"wp","href":"https:\/\/api.w.org\/{rel}","templated":true}]}}