{"id":1688,"date":"2020-10-21T11:51:04","date_gmt":"2020-10-21T11:51:04","guid":{"rendered":"http:\/\/avala.bold-themes.com\/autumn\/?page_id=1688"},"modified":"2023-04-28T07:44:04","modified_gmt":"2023-04-28T05:44:04","slug":"home-02","status":"publish","type":"page","link":"https:\/\/emazing-creations.com\/en\/","title":{"rendered":"Doma\u010da stran"},"content":{"rendered":"<section id=\"bt_bb_section69f9ef432765f\"  class=\"bt_bb_section bt_bb_top_spacing_normal bt_bb_bottom_spacing_normal bt_bb_color_scheme_6 bt_bb_layout_boxed_1600 bt_bb_vertical_align_top\" style=\";background-color:#ffffff;\"><div class=\"bt_bb_port\"><div class=\"bt_bb_cell\"><div class=\"bt_bb_cell_inner\"><div class=\"bt_bb_row_wrapper\"><div  class=\"bt_bb_row\"  data-bt-override-class=\"{}\"><div  class=\"bt_bb_column col-xxl-4 col-xl-4 col-xs-12 col-sm-12 col-md-12 col-lg-4 bt_bb_vertical_align_top bt_bb_align_center bt_bb_padding_normal\"  data-width=\"4\" data-bt-override-class=\"{&quot;bt_bb_align_&quot;:{&quot;current_class&quot;:&quot;bt_bb_align_center&quot;,&quot;xxl&quot;:&quot;center&quot;,&quot;xl&quot;:&quot;center&quot;}}\"><div class=\"bt_bb_column_content\"><div class=\"bt_bb_column_content_inner\"><div class=\"bt_bb_content_slider bt_bb_gap_no_gap bt_bb_arrows_size_normal bt_bb_show_dots_hide bt_bb_height_half_screen bt_bb_animation_fade bt_bb_animation_fade animate bt_bb_navigation_color_light\" data-bt-override-class=\"{}\"><div class=\"slick-slider fade\"  data-slick='{ \"lazyLoad\": \"progressive\", \"cssEase\": \"ease-out\", \"speed\": \"600\", \"accessibility\": false, \"fade\": true, \"prevArrow\": \"&lt;button type=\\\"button\\\" class=\\\"slick-prev\\\" aria-label=\\\"Previous\\\" tabindex=\\\"0\\\" role=\\\"button\\\"&gt;&lt;\/button&gt;\", \"nextArrow\": \"&lt;button type=\\\"button\\\" class=\\\"slick-next\\\" aria-label=\\\"Next\\\" tabindex=\\\"0\\\" role=\\\"button\\\"&gt;&lt;\/button&gt;\", \"adaptiveHeight\": true,\"autoplay\": true, \"autoplaySpeed\": 3000}' ><div data-bb-version=\"4.5.5\" class=\"bt_bb_content_slider_item bt_bb_effect_zoom\" style=\";background-image:url(https:\/\/emazing-creations.com\/wp-content\/uploads\/2023\/01\/cake-studio-bespoke-cakes-sweets-wedding-styling-decor-birthday-celebration-designer-flower-nude-2-1.jpg);\"><div class=\"bt_bb_content_slider_item_content content\"><div class=\"bt_bb_row_wrapper\"><div  class=\"bt_bb_row_inner\"  data-bt-override-class=\"{}\"><div  class=\"bt_bb_column_inner col-xxl-12 col-xl-12 bt_bb_align_center bt_bb_vertical_align_top bt_bb_padding_normal bt_bb_animation_fade_in bt_bb_animation_move_up animate\"  data-width=\"12\" data-bt-override-class=\"{&quot;bt_bb_align_&quot;:{&quot;current_class&quot;:&quot;bt_bb_align_center&quot;,&quot;xxl&quot;:&quot;center&quot;,&quot;xl&quot;:&quot;center&quot;}}\"><div class=\"bt_bb_column_inner_content\"><div class=\"bt_bb_separator bt_bb_top_spacing_60 bt_bb_bottom_spacing_medium bt_bb_border_style_none bt_bb_hidden_xs bt_bb_hidden_ms\"><\/div><div class=\"bt_bb_separator bt_bb_bottom_spacing_large bt_bb_border_style_none bt_bb_hidden_sm bt_bb_hidden_md bt_bb_hidden_lg\"><\/div><header class=\"bt_bb_headline bt_bb_dash_none bt_bb_subtitle_style_regular bt_bb_size_large bt_bb_align_inherit\" style=\";font-family:&#039;Ballet&#039;\" data-bt-override-class=\"{&quot;bt_bb_size_&quot;:{&quot;current_class&quot;:&quot;bt_bb_size_large&quot;,&quot;xxl&quot;:&quot;large&quot;,&quot;xl&quot;:&quot;large&quot;,&quot;xs&quot;:&quot;extralarge&quot;},&quot;bt_bb_align_&quot;:{&quot;current_class&quot;:&quot;bt_bb_align_inherit&quot;,&quot;xxl&quot;:&quot;inherit&quot;,&quot;xl&quot;:&quot;inherit&quot;}}\"><h1 style=\"font-family:'Ballet'\" class=\"bt_bb_headline_tag\"><span class=\"bt_bb_headline_content\"><span><a href=\"https:\/\/emazing-creations.com\/en\/cake-studio\/\" target=\"_self\" title=\"Cake studio\">Cake studio<\/a><\/span><\/span><\/h1><\/header><\/div><\/div><\/div><\/div><div class=\"bt_bb_row_wrapper\"><div  class=\"bt_bb_row_inner\"  data-bt-override-class=\"{}\"><div  class=\"bt_bb_column_inner col-xxl-12 col-xl-12 bt_bb_align_center bt_bb_vertical_align_top bt_bb_padding_normal bt_bb_animation_fade_in bt_bb_animation_move_up animate\" style=\"transition-delay: 400ms;\" data-width=\"12\" data-bt-override-class=\"{}\"><div class=\"bt_bb_column_inner_content\"><header class=\"bt_bb_headline bt_bb_dash_none bt_bb_subtitle_style_regular bt_bb_size_extralarge bt_bb_align_inherit\" style=\"letter-spacing: 3px;\" data-bt-override-class=\"{&quot;bt_bb_size_&quot;:{&quot;current_class&quot;:&quot;bt_bb_size_extralarge&quot;,&quot;xxl&quot;:&quot;extralarge&quot;,&quot;xl&quot;:&quot;extralarge&quot;,&quot;xs&quot;:&quot;normal&quot;},&quot;bt_bb_align_&quot;:{&quot;current_class&quot;:&quot;bt_bb_align_inherit&quot;,&quot;xxl&quot;:&quot;inherit&quot;,&quot;xl&quot;:&quot;inherit&quot;}}\"><h1 style=\"font-size:1.2rem\" class=\"bt_bb_headline_tag\"><span class=\"bt_bb_headline_content\"><span><a href=\"https:\/\/emazing-creations.com\/en\/cake-studio\/\" target=\"_self\" title=\"CUSTOM CAKES AND SWEETS\">CUSTOM CAKES AND SWEETS<\/a><\/span><\/span><\/h1><\/header><div class=\"bt_bb_separator bt_bb_top_spacing_large bt_bb_bottom_spacing_100 bt_bb_border_style_none bt_bb_hidden_xs bt_bb_hidden_ms\"><\/div><div class=\"bt_bb_separator bt_bb_bottom_spacing_35 bt_bb_border_style_none bt_bb_hidden_xs bt_bb_hidden_ms\"><\/div><div class=\"bt_bb_separator bt_bb_bottom_spacing_large bt_bb_border_style_none bt_bb_hidden_sm bt_bb_hidden_md bt_bb_hidden_lg\"><\/div><\/div><\/div><\/div><\/div><\/div><\/div><\/div><\/div><\/div><\/div><\/div><div  class=\"bt_bb_column col-xxl-4 col-xl-4 col-xs-12 col-sm-12 col-md-12 col-lg-4 bt_bb_vertical_align_top bt_bb_align_center bt_bb_padding_normal\"  data-width=\"4\" data-bt-override-class=\"{}\"><div class=\"bt_bb_column_content\"><div class=\"bt_bb_column_content_inner\"><div class=\"bt_bb_separator bt_bb_top_spacing_30 bt_bb_border_style_none bt_bb_hidden_ms bt_bb_hidden_sm bt_bb_hidden_md bt_bb_hidden_lg\"><\/div><div class=\"bt_bb_content_slider bt_bb_gap_no_gap bt_bb_arrows_size_normal bt_bb_show_dots_hide bt_bb_height_half_screen bt_bb_animation_fade bt_bb_animation_fade animate bt_bb_navigation_color_light\" data-bt-override-class=\"{}\"><div class=\"slick-slider fade\"  data-slick='{ \"lazyLoad\": \"progressive\", \"cssEase\": \"ease-out\", \"speed\": \"600\", \"accessibility\": false, \"fade\": true, \"prevArrow\": \"&lt;button type=\\\"button\\\" class=\\\"slick-prev\\\" aria-label=\\\"Previous\\\" tabindex=\\\"0\\\" role=\\\"button\\\"&gt;&lt;\/button&gt;\", \"nextArrow\": \"&lt;button type=\\\"button\\\" class=\\\"slick-next\\\" aria-label=\\\"Next\\\" tabindex=\\\"0\\\" role=\\\"button\\\"&gt;&lt;\/button&gt;\", \"adaptiveHeight\": true,\"autoplay\": true, \"autoplaySpeed\": 3000}' ><div data-bb-version=\"4.5.5\" class=\"bt_bb_content_slider_item bt_bb_effect_zoom\" style=\";background-image:url(https:\/\/emazing-creations.com\/wp-content\/uploads\/2023\/01\/cake-studio-bespoke-designer-sweets-wedding-styling-decor-birthday-celebration-macarons-2.jpg);\"><div class=\"bt_bb_content_slider_item_content content\"><div class=\"bt_bb_row_wrapper\"><div  class=\"bt_bb_row_inner\"  data-bt-override-class=\"{}\"><div  class=\"bt_bb_column_inner col-xxl-12 col-xl-12 bt_bb_align_center bt_bb_vertical_align_top bt_bb_padding_normal bt_bb_animation_fade_in bt_bb_animation_move_up animate\"  data-width=\"12\" data-bt-override-class=\"{&quot;bt_bb_align_&quot;:{&quot;current_class&quot;:&quot;bt_bb_align_center&quot;,&quot;xxl&quot;:&quot;center&quot;,&quot;xl&quot;:&quot;center&quot;}}\"><div class=\"bt_bb_column_inner_content\"><div class=\"bt_bb_separator bt_bb_top_spacing_60 bt_bb_bottom_spacing_medium bt_bb_border_style_none bt_bb_hidden_xs bt_bb_hidden_ms\"><\/div><div class=\"bt_bb_separator bt_bb_bottom_spacing_large bt_bb_border_style_none bt_bb_hidden_sm bt_bb_hidden_md bt_bb_hidden_lg\"><\/div><header class=\"bt_bb_headline bt_bb_dash_none bt_bb_subtitle_style_regular bt_bb_size_large bt_bb_align_inherit\" style=\";font-family:&#039;Ballet&#039;\" data-bt-override-class=\"{&quot;bt_bb_size_&quot;:{&quot;current_class&quot;:&quot;bt_bb_size_large&quot;,&quot;xxl&quot;:&quot;large&quot;,&quot;xl&quot;:&quot;large&quot;,&quot;xs&quot;:&quot;extralarge&quot;},&quot;bt_bb_align_&quot;:{&quot;current_class&quot;:&quot;bt_bb_align_inherit&quot;,&quot;xxl&quot;:&quot;inherit&quot;,&quot;xl&quot;:&quot;inherit&quot;}}\"><h1 style=\"font-family:'Ballet'\" class=\"bt_bb_headline_tag\"><span class=\"bt_bb_headline_content\"><span><a href=\"https:\/\/emazing-creations.com\/en\/shop\/\" target=\"_self\" title=\"Cake shop\">Cake shop<\/a><\/span><\/span><\/h1><\/header><\/div><\/div><\/div><\/div><div class=\"bt_bb_row_wrapper\"><div  class=\"bt_bb_row_inner\"  data-bt-override-class=\"{}\"><div  class=\"bt_bb_column_inner col-xxl-12 col-xl-12 bt_bb_align_center bt_bb_vertical_align_top bt_bb_padding_normal bt_bb_animation_fade_in bt_bb_animation_move_up animate\" style=\"transition-delay: 400ms;\" data-width=\"12\" data-bt-override-class=\"{}\"><div class=\"bt_bb_column_inner_content\"><header class=\"bt_bb_headline bt_bb_dash_none bt_bb_subtitle_style_regular bt_bb_size_extralarge bt_bb_align_inherit\" style=\"letter-spacing: 3px;\" data-bt-override-class=\"{&quot;bt_bb_size_&quot;:{&quot;current_class&quot;:&quot;bt_bb_size_extralarge&quot;,&quot;xxl&quot;:&quot;extralarge&quot;,&quot;xl&quot;:&quot;extralarge&quot;,&quot;xs&quot;:&quot;normal&quot;},&quot;bt_bb_align_&quot;:{&quot;current_class&quot;:&quot;bt_bb_align_inherit&quot;,&quot;xxl&quot;:&quot;inherit&quot;,&quot;xl&quot;:&quot;inherit&quot;}}\"><h1 style=\"font-size:1.2rem\" class=\"bt_bb_headline_tag\"><span class=\"bt_bb_headline_content\"><span><a href=\"https:\/\/emazing-creations.com\/en\/shop\/\" target=\"_self\" title=\"ONLINE SWEETS SHOP\">ONLINE SWEETS SHOP<\/a><\/span><\/span><\/h1><\/header><div class=\"bt_bb_separator bt_bb_top_spacing_large bt_bb_bottom_spacing_100 bt_bb_border_style_none bt_bb_hidden_xs bt_bb_hidden_ms\"><\/div><div class=\"bt_bb_separator bt_bb_bottom_spacing_35 bt_bb_border_style_none bt_bb_hidden_xs bt_bb_hidden_ms\"><\/div><div class=\"bt_bb_separator bt_bb_bottom_spacing_large bt_bb_border_style_none bt_bb_hidden_sm bt_bb_hidden_md bt_bb_hidden_lg\"><\/div><\/div><\/div><\/div><\/div><\/div><\/div><\/div><\/div><\/div><\/div><\/div><div data-bb-version=\"4.5.5\"  class=\"bt_bb_column col-xxl-4 col-xl-4 col-xs-12 col-sm-12 col-md-12 col-lg-4 bt_bb_vertical_align_top bt_bb_align_left bt_bb_padding_normal\"  data-width=\"4\" data-bt-override-class=\"{}\"><div class=\"bt_bb_column_content\"><div class=\"bt_bb_column_content_inner\"><div class=\"bt_bb_separator bt_bb_top_spacing_30 bt_bb_border_style_none bt_bb_hidden_ms bt_bb_hidden_sm bt_bb_hidden_md bt_bb_hidden_lg\"><\/div><div class=\"bt_bb_content_slider bt_bb_gap_no_gap bt_bb_arrows_size_normal bt_bb_show_dots_hide bt_bb_height_half_screen bt_bb_animation_fade bt_bb_animation_fade animate bt_bb_navigation_color_light\" data-bt-override-class=\"{}\"><div class=\"slick-slider fade\"  data-slick='{ \"lazyLoad\": \"progressive\", \"cssEase\": \"ease-out\", \"speed\": \"600\", \"accessibility\": false, \"fade\": true, \"prevArrow\": \"&lt;button type=\\\"button\\\" class=\\\"slick-prev\\\" aria-label=\\\"Previous\\\" tabindex=\\\"0\\\" role=\\\"button\\\"&gt;&lt;\/button&gt;\", \"nextArrow\": \"&lt;button type=\\\"button\\\" class=\\\"slick-next\\\" aria-label=\\\"Next\\\" tabindex=\\\"0\\\" role=\\\"button\\\"&gt;&lt;\/button&gt;\", \"adaptiveHeight\": true,\"autoplay\": true, \"autoplaySpeed\": 3000}' ><div data-bb-version=\"4.5.5\" class=\"bt_bb_content_slider_item bt_bb_effect_zoom\" style=\";background-image:url(https:\/\/emazing-creations.com\/wp-content\/uploads\/2023\/01\/cake-studio-bespoke-cakes-sweets-wedding-styling-decor-birthday-celebration-designer-2.jpg);\"><div class=\"bt_bb_content_slider_item_content content\"><div class=\"bt_bb_row_wrapper\"><div  class=\"bt_bb_row_inner\"  data-bt-override-class=\"{}\"><div  class=\"bt_bb_column_inner col-xxl-12 col-xl-12 bt_bb_align_center bt_bb_vertical_align_top bt_bb_padding_normal bt_bb_animation_fade_in bt_bb_animation_move_up animate\"  data-width=\"12\" data-bt-override-class=\"{&quot;bt_bb_align_&quot;:{&quot;current_class&quot;:&quot;bt_bb_align_center&quot;,&quot;xxl&quot;:&quot;center&quot;,&quot;xl&quot;:&quot;center&quot;}}\"><div class=\"bt_bb_column_inner_content\"><div class=\"bt_bb_separator bt_bb_top_spacing_60 bt_bb_bottom_spacing_medium bt_bb_border_style_none bt_bb_hidden_xs bt_bb_hidden_ms\"><\/div><div class=\"bt_bb_separator bt_bb_bottom_spacing_large bt_bb_border_style_none bt_bb_hidden_sm bt_bb_hidden_md bt_bb_hidden_lg\"><\/div><header data-bb-version=\"4.5.5\" class=\"bt_bb_headline bt_bb_dash_none bt_bb_subtitle_style_regular bt_bb_size_large bt_bb_align_inherit\" style=\";font-family:&#039;Ballet&#039;\" data-bt-override-class=\"{&quot;bt_bb_size_&quot;:{&quot;current_class&quot;:&quot;bt_bb_size_large&quot;,&quot;xxl&quot;:&quot;large&quot;,&quot;xs&quot;:&quot;extralarge&quot;},&quot;bt_bb_align_&quot;:{&quot;current_class&quot;:&quot;bt_bb_align_inherit&quot;,&quot;xxl&quot;:&quot;inherit&quot;}}\"><h1 style=\"font-family:'Ballet'\" class=\"bt_bb_headline_tag\"><span class=\"bt_bb_headline_content\"><span><a href=\"https:\/\/emazing-creations.com\/en\/academy\/\" target=\"_self\" title=\"Academy\">Academy<\/a><\/span><\/span><\/h1><\/header><\/div><\/div><\/div><\/div><div class=\"bt_bb_row_wrapper\"><div  class=\"bt_bb_row_inner\"  data-bt-override-class=\"{}\"><div  class=\"bt_bb_column_inner col-xxl-12 col-xl-12 bt_bb_align_center bt_bb_vertical_align_top bt_bb_padding_normal bt_bb_animation_fade_in bt_bb_animation_move_up animate\" style=\"transition-delay: 400ms;\" data-width=\"12\" data-bt-override-class=\"{}\"><div class=\"bt_bb_column_inner_content\"><header data-bb-version=\"4.5.5\" class=\"bt_bb_headline bt_bb_dash_none bt_bb_subtitle_style_regular bt_bb_size_extralarge bt_bb_align_inherit\" style=\"letter-spacing: 3px;\" data-bt-override-class=\"{&quot;bt_bb_size_&quot;:{&quot;current_class&quot;:&quot;bt_bb_size_extralarge&quot;,&quot;xxl&quot;:&quot;extralarge&quot;,&quot;xs&quot;:&quot;normal&quot;},&quot;bt_bb_align_&quot;:{&quot;current_class&quot;:&quot;bt_bb_align_inherit&quot;,&quot;xxl&quot;:&quot;inherit&quot;}}\"><h1 style=\"font-size:1.2rem\" class=\"bt_bb_headline_tag\"><span class=\"bt_bb_headline_content\"><span><a href=\"https:\/\/emazing-creations.com\/en\/academy\/\" target=\"_self\" title=\"LIVE &amp; ONLINE TE\u010cAJI\">LIVE & ONLINE TE\u010cAJI<\/a><\/span><\/span><\/h1><\/header><div class=\"bt_bb_separator bt_bb_top_spacing_large bt_bb_bottom_spacing_100 bt_bb_border_style_none bt_bb_hidden_xs bt_bb_hidden_ms\"><\/div><div class=\"bt_bb_separator bt_bb_bottom_spacing_35 bt_bb_border_style_none bt_bb_hidden_xs bt_bb_hidden_ms\"><\/div><div class=\"bt_bb_separator bt_bb_bottom_spacing_large bt_bb_border_style_none bt_bb_hidden_sm bt_bb_hidden_md bt_bb_hidden_lg\"><\/div><\/div><\/div><\/div><\/div><\/div><\/div><\/div><\/div><\/div><\/div><\/div><\/div><\/div><\/div><\/div><\/div><\/section>","protected":false},"excerpt":{"rendered":"","protected":false},"author":4,"featured_media":5228,"parent":0,"menu_order":0,"comment_status":"closed","ping_status":"closed","template":"","meta":[],"yoast_head":"<!-- This site is optimized with the Yoast SEO plugin v20.5 - https:\/\/yoast.com\/wordpress\/plugins\/seo\/ -->\n<title>Emazing Creations - sladke kreacije va\u0161ih sanj<\/title>\n<meta name=\"description\" content=\"Emazing Creations zdru\u017euje ljubezen do cukrov, peke, ustvarjanja, povezovanja in pou\u010devanja. Zdru\u017euje elegantne torte, sla\u0161\u010dice, te\u010daje, styling ...\" \/>\n<meta name=\"robots\" content=\"index, follow, max-snippet:-1, max-image-preview:large, max-video-preview:-1\" \/>\n<link rel=\"canonical\" href=\"https:\/\/emazing-creations.com\/en\/\" \/>\n<meta property=\"og:locale\" content=\"en_US\" \/>\n<meta property=\"og:type\" content=\"article\" \/>\n<meta property=\"og:title\" content=\"Emazing Creations - sladke kreacije va\u0161ih sanj\" \/>\n<meta property=\"og:description\" content=\"Emazing Creations zdru\u017euje ljubezen do cukrov, peke, ustvarjanja, povezovanja in pou\u010devanja. Zdru\u017euje elegantne torte, sla\u0161\u010dice, te\u010daje, styling ...\" \/>\n<meta property=\"og:url\" content=\"https:\/\/emazing-creations.com\/en\/\" \/>\n<meta property=\"og:site_name\" content=\"Emazing creations\" \/>\n<meta property=\"article:publisher\" content=\"https:\/\/www.facebook.com\/emazingcreationsbyema\" \/>\n<meta property=\"article:modified_time\" content=\"2023-04-28T05:44:04+00:00\" \/>\n<meta property=\"og:image\" content=\"https:\/\/emazing-creations.com\/wp-content\/uploads\/2022\/04\/emazing_creations_torte_slascice_tecaji_styling.jpg\" \/>\n\t<meta property=\"og:image:width\" content=\"600\" \/>\n\t<meta property=\"og:image:height\" content=\"600\" \/>\n\t<meta property=\"og:image:type\" content=\"image\/jpeg\" \/>\n<meta name=\"twitter:card\" content=\"summary_large_image\" \/>\n<meta name=\"twitter:label1\" content=\"Est. reading time\" \/>\n\t<meta name=\"twitter:data1\" content=\"5 minutes\" \/>\n<script type=\"application\/ld+json\" class=\"yoast-schema-graph\">{\"@context\":\"https:\/\/schema.org\",\"@graph\":[{\"@type\":\"WebPage\",\"@id\":\"https:\/\/emazing-creations.com\/\",\"url\":\"https:\/\/emazing-creations.com\/\",\"name\":\"Emazing Creations - sladke kreacije va\u0161ih sanj\",\"isPartOf\":{\"@id\":\"https:\/\/emazing-creations.com\/#website\"},\"datePublished\":\"2020-10-21T11:51:04+00:00\",\"dateModified\":\"2023-04-28T05:44:04+00:00\",\"description\":\"Emazing Creations zdru\u017euje ljubezen do cukrov, peke, ustvarjanja, povezovanja in pou\u010devanja. Zdru\u017euje elegantne torte, sla\u0161\u010dice, te\u010daje, styling ...\",\"breadcrumb\":{\"@id\":\"https:\/\/emazing-creations.com\/#breadcrumb\"},\"inLanguage\":\"en-US\",\"potentialAction\":[{\"@type\":\"ReadAction\",\"target\":[\"https:\/\/emazing-creations.com\/\"]}]},{\"@type\":\"BreadcrumbList\",\"@id\":\"https:\/\/emazing-creations.com\/#breadcrumb\",\"itemListElement\":[{\"@type\":\"ListItem\",\"position\":1,\"name\":\"Home\",\"item\":\"https:\/\/emazing-creations.com\/\"},{\"@type\":\"ListItem\",\"position\":2,\"name\":\"Doma\u010da stran\"}]},{\"@type\":\"WebSite\",\"@id\":\"https:\/\/emazing-creations.com\/#website\",\"url\":\"https:\/\/emazing-creations.com\/\",\"name\":\"Emazing creations\",\"description\":\"Pocukran lajf\",\"potentialAction\":[{\"@type\":\"SearchAction\",\"target\":{\"@type\":\"EntryPoint\",\"urlTemplate\":\"https:\/\/emazing-creations.com\/?s={search_term_string}\"},\"query-input\":\"required name=search_term_string\"}],\"inLanguage\":\"en-US\"}]}<\/script>\n<!-- \/ Yoast SEO plugin. -->","yoast_head_json":{"title":"Emazing Creations - sladke kreacije va\u0161ih sanj","description":"Emazing Creations zdru\u017euje ljubezen do cukrov, peke, ustvarjanja, povezovanja in pou\u010devanja. Zdru\u017euje elegantne torte, sla\u0161\u010dice, te\u010daje, styling ...","robots":{"index":"index","follow":"follow","max-snippet":"max-snippet:-1","max-image-preview":"max-image-preview:large","max-video-preview":"max-video-preview:-1"},"canonical":"https:\/\/emazing-creations.com\/en\/","og_locale":"en_US","og_type":"article","og_title":"Emazing Creations - sladke kreacije va\u0161ih sanj","og_description":"Emazing Creations zdru\u017euje ljubezen do cukrov, peke, ustvarjanja, povezovanja in pou\u010devanja. Zdru\u017euje elegantne torte, sla\u0161\u010dice, te\u010daje, styling ...","og_url":"https:\/\/emazing-creations.com\/en\/","og_site_name":"Emazing creations","article_publisher":"https:\/\/www.facebook.com\/emazingcreationsbyema","article_modified_time":"2023-04-28T05:44:04+00:00","og_image":[{"width":600,"height":600,"url":"https:\/\/emazing-creations.com\/wp-content\/uploads\/2022\/04\/emazing_creations_torte_slascice_tecaji_styling.jpg","type":"image\/jpeg"}],"twitter_card":"summary_large_image","twitter_misc":{"Est. reading time":"5 minutes"},"schema":{"@context":"https:\/\/schema.org","@graph":[{"@type":"WebPage","@id":"https:\/\/emazing-creations.com\/","url":"https:\/\/emazing-creations.com\/","name":"Emazing Creations - sladke kreacije va\u0161ih sanj","isPartOf":{"@id":"https:\/\/emazing-creations.com\/#website"},"datePublished":"2020-10-21T11:51:04+00:00","dateModified":"2023-04-28T05:44:04+00:00","description":"Emazing Creations zdru\u017euje ljubezen do cukrov, peke, ustvarjanja, povezovanja in pou\u010devanja. Zdru\u017euje elegantne torte, sla\u0161\u010dice, te\u010daje, styling ...","breadcrumb":{"@id":"https:\/\/emazing-creations.com\/#breadcrumb"},"inLanguage":"en-US","potentialAction":[{"@type":"ReadAction","target":["https:\/\/emazing-creations.com\/"]}]},{"@type":"BreadcrumbList","@id":"https:\/\/emazing-creations.com\/#breadcrumb","itemListElement":[{"@type":"ListItem","position":1,"name":"Home","item":"https:\/\/emazing-creations.com\/"},{"@type":"ListItem","position":2,"name":"Doma\u010da stran"}]},{"@type":"WebSite","@id":"https:\/\/emazing-creations.com\/#website","url":"https:\/\/emazing-creations.com\/","name":"Emazing creations","description":"Pocukran lajf","potentialAction":[{"@type":"SearchAction","target":{"@type":"EntryPoint","urlTemplate":"https:\/\/emazing-creations.com\/?s={search_term_string}"},"query-input":"required name=search_term_string"}],"inLanguage":"en-US"}]}},"_links":{"self":[{"href":"https:\/\/emazing-creations.com\/en\/wp-json\/wp\/v2\/pages\/1688"}],"collection":[{"href":"https:\/\/emazing-creations.com\/en\/wp-json\/wp\/v2\/pages"}],"about":[{"href":"https:\/\/emazing-creations.com\/en\/wp-json\/wp\/v2\/types\/page"}],"author":[{"embeddable":true,"href":"https:\/\/emazing-creations.com\/en\/wp-json\/wp\/v2\/users\/4"}],"replies":[{"embeddable":true,"href":"https:\/\/emazing-creations.com\/en\/wp-json\/wp\/v2\/comments?post=1688"}],"version-history":[{"count":98,"href":"https:\/\/emazing-creations.com\/en\/wp-json\/wp\/v2\/pages\/1688\/revisions"}],"predecessor-version":[{"id":6245,"href":"https:\/\/emazing-creations.com\/en\/wp-json\/wp\/v2\/pages\/1688\/revisions\/6245"}],"wp:featuredmedia":[{"embeddable":true,"href":"https:\/\/emazing-creations.com\/en\/wp-json\/wp\/v2\/media\/5228"}],"wp:attachment":[{"href":"https:\/\/emazing-creations.com\/en\/wp-json\/wp\/v2\/media?parent=1688"}],"curies":[{"name":"wp","href":"https:\/\/api.w.org\/{rel}","templated":true}]}}