{"id":3008,"date":"2023-04-28T08:19:22","date_gmt":"2023-04-28T06:19:22","guid":{"rendered":"https:\/\/emazing-creations.com\/academy\/?post_type=product&#038;p=3008"},"modified":"2023-05-23T07:29:43","modified_gmt":"2023-05-23T05:29:43","slug":"cukrljub-emakroni","status":"publish","type":"product","link":"https:\/\/emazing-creations.com\/academy\/product\/cukrljub-emakroni\/","title":{"rendered":"Cukrljub &#8211; Emakroni"},"content":{"rendered":"<p>Na tem hands-on live workshopu se bomo u\u010dili priprave pre\u010dudovitih makronov, ki smo jih pri Emazing poimenovali kar Emakroni. Emakroni so dekadentni makroni s slastnimi polnili in oblivi z bogato dekoracijo.<\/p>\n<p>Vsi vemo, da so makroni najbolj tehni\u010dno zahtevni pi\u0161koti, ki jih le redki obvladajo v nulo. Mi vam bomo pokazali vse trike, dali vse nasvete in kar je najbolj pomembno &#8211; re\u0161itve, ko gre kaj narobe. In verjemite nam, pri makronih gre VEDNO kaj narobe \ud83d\ude42<\/p>\n<p>Na te\u010daju bomo izdelovali 3 okuse in sicer STRAWBERRY ISLAND (jagoda z baziliko), HAZEL LATTE (le\u0161nik s kavo) in CHOCOLATE CHEESECAKE (\u010dokolada s kremnim sirom).<\/p>\n<p>Pripravljali bomo:<br \/>\n1. pi\u0161kotke s popolnimi nogicami po francoski metodi<br \/>\n2. \u010dokoladne ganache, polnila in \u010dokoladne oblive<br \/>\n3. jedilno dekoracijo<\/p>\n<p>Vsak u\u010denec bo pod vodstvom na\u0161e Eme izdelal svoj paketek emakronov, ki jih bo s ponosom odnesel domov.<\/p>\n<p>&nbsp;<\/p>\n","protected":false},"excerpt":{"rendered":"<p><img decoding=\"async\" loading=\"lazy\" class=\"alignnone size-medium wp-image-3011\" src=\"https:\/\/emazing-creations.com\/academy\/wp-content\/uploads\/cukrmaster-emakroni-500x500.jpg\" alt=\"Cukrmaster emakroni\" width=\"500\" height=\"500\" srcset=\"https:\/\/emazing-creations.com\/academy\/wp-content\/uploads\/cukrmaster-emakroni-500x500.jpg 500w, https:\/\/emazing-creations.com\/academy\/wp-content\/uploads\/cukrmaster-emakroni-350x350.jpg 350w, https:\/\/emazing-creations.com\/academy\/wp-content\/uploads\/cukrmaster-emakroni-768x768.jpg 768w, https:\/\/emazing-creations.com\/academy\/wp-content\/uploads\/cukrmaster-emakroni-600x600.jpg 600w, https:\/\/emazing-creations.com\/academy\/wp-content\/uploads\/cukrmaster-emakroni-100x100.jpg 100w, https:\/\/emazing-creations.com\/academy\/wp-content\/uploads\/cukrmaster-emakroni.jpg 1200w\" sizes=\"(max-width: 500px) 100vw, 500px\" \/><\/p>\n<p>Ustvarili bomo \u010dudovite dekadentne emakrone s slastnimi ganachi in bogato dekoracijo.<\/p>\n<p>&nbsp;<\/p>\n","protected":false},"featured_media":3011,"template":"","meta":{"inline_featured_image":false,"_mi_skip_tracking":false},"product_cat":[22,33],"product_tag":[],"yoast_head":"<!-- This site is optimized with the Yoast SEO plugin v20.6 - https:\/\/yoast.com\/wordpress\/plugins\/seo\/ -->\n<title>Last minute torta Poppy Fields - LIVE workshop<\/title>\n<meta name=\"description\" content=\"Na tem hands-on live workshopu se bomo u\u010dili priprave slastne lahkotne poletne tortice brez moke in glutena po imenu Poppy Fields.\" \/>\n<meta name=\"robots\" content=\"index, follow, max-snippet:-1, max-image-preview:large, max-video-preview:-1\" \/>\n<link rel=\"canonical\" href=\"https:\/\/emazing-creations.com\/academy\/product\/cukrljub-emakroni\/\" \/>\n<meta property=\"og:locale\" content=\"sl_SI\" \/>\n<meta property=\"og:type\" content=\"article\" \/>\n<meta property=\"og:title\" content=\"Last minute torta Poppy Fields - LIVE workshop\" \/>\n<meta property=\"og:description\" content=\"Na tem hands-on live workshopu se bomo u\u010dili priprave slastne lahkotne poletne tortice brez moke in glutena po imenu Poppy Fields.\" \/>\n<meta property=\"og:url\" content=\"https:\/\/emazing-creations.com\/academy\/product\/cukrljub-emakroni\/\" \/>\n<meta property=\"og:site_name\" content=\"Emazing Academy\" \/>\n<meta property=\"article:publisher\" content=\"https:\/\/www.facebook.com\/emazingcreationsbyema\/\" \/>\n<meta property=\"article:modified_time\" content=\"2023-05-23T05:29:43+00:00\" \/>\n<meta property=\"og:image\" content=\"https:\/\/emazing-creations.com\/academy\/wp-content\/uploads\/cukrmaster-emakroni.jpg\" \/>\n\t<meta property=\"og:image:width\" content=\"1200\" \/>\n\t<meta property=\"og:image:height\" content=\"1200\" \/>\n\t<meta property=\"og:image:type\" content=\"image\/jpeg\" \/>\n<meta name=\"twitter:card\" content=\"summary_large_image\" \/>\n<script type=\"application\/ld+json\" class=\"yoast-schema-graph\">{\"@context\":\"https:\/\/schema.org\",\"@graph\":[{\"@type\":\"WebPage\",\"@id\":\"https:\/\/emazing-creations.com\/academy\/product\/cukrljub-emakroni\/\",\"url\":\"https:\/\/emazing-creations.com\/academy\/product\/cukrljub-emakroni\/\",\"name\":\"Last minute torta Poppy Fields - LIVE workshop\",\"isPartOf\":{\"@id\":\"https:\/\/emazing-creations.com\/academy\/#website\"},\"datePublished\":\"2023-04-28T06:19:22+00:00\",\"dateModified\":\"2023-05-23T05:29:43+00:00\",\"description\":\"Na tem hands-on live workshopu se bomo u\u010dili priprave slastne lahkotne poletne tortice brez moke in glutena po imenu Poppy Fields.\",\"breadcrumb\":{\"@id\":\"https:\/\/emazing-creations.com\/academy\/product\/cukrljub-emakroni\/#breadcrumb\"},\"inLanguage\":\"sl-SI\",\"potentialAction\":[{\"@type\":\"ReadAction\",\"target\":[\"https:\/\/emazing-creations.com\/academy\/product\/cukrljub-emakroni\/\"]}]},{\"@type\":\"BreadcrumbList\",\"@id\":\"https:\/\/emazing-creations.com\/academy\/product\/cukrljub-emakroni\/#breadcrumb\",\"itemListElement\":[{\"@type\":\"ListItem\",\"position\":1,\"name\":\"Home\",\"item\":\"https:\/\/emazing-creations.com\/academy\/\"},{\"@type\":\"ListItem\",\"position\":2,\"name\":\"Trgovina\",\"item\":\"https:\/\/emazing-creations.com\/academy\/trgovina\/\"},{\"@type\":\"ListItem\",\"position\":3,\"name\":\"Cukrljub &#8211; Emakroni\"}]},{\"@type\":\"WebSite\",\"@id\":\"https:\/\/emazing-creations.com\/academy\/#website\",\"url\":\"https:\/\/emazing-creations.com\/academy\/\",\"name\":\"Emazing Academy\",\"description\":\"Sladki spletni te\u010daji\",\"publisher\":{\"@id\":\"https:\/\/emazing-creations.com\/academy\/#organization\"},\"potentialAction\":[{\"@type\":\"SearchAction\",\"target\":{\"@type\":\"EntryPoint\",\"urlTemplate\":\"https:\/\/emazing-creations.com\/academy\/?s={search_term_string}\"},\"query-input\":\"required name=search_term_string\"}],\"inLanguage\":\"sl-SI\"},{\"@type\":\"Organization\",\"@id\":\"https:\/\/emazing-creations.com\/academy\/#organization\",\"name\":\"Emazing Creations\",\"alternateName\":\"Emazing Creations\",\"url\":\"https:\/\/emazing-creations.com\/academy\/\",\"logo\":{\"@type\":\"ImageObject\",\"inLanguage\":\"sl-SI\",\"@id\":\"https:\/\/emazing-creations.com\/academy\/#\/schema\/logo\/image\/\",\"url\":\"https:\/\/emazing-creations.com\/academy\/wp-content\/uploads\/logo-main-black-2.svg\",\"contentUrl\":\"https:\/\/emazing-creations.com\/academy\/wp-content\/uploads\/logo-main-black-2.svg\",\"width\":547,\"height\":147,\"caption\":\"Emazing Creations\"},\"image\":{\"@id\":\"https:\/\/emazing-creations.com\/academy\/#\/schema\/logo\/image\/\"},\"sameAs\":[\"https:\/\/www.facebook.com\/emazingcreationsbyema\/\"]}]}<\/script>\n<!-- \/ Yoast SEO plugin. -->","yoast_head_json":{"title":"Last minute torta Poppy Fields - LIVE workshop","description":"Na tem hands-on live workshopu se bomo u\u010dili priprave slastne lahkotne poletne tortice brez moke in glutena po imenu Poppy Fields.","robots":{"index":"index","follow":"follow","max-snippet":"max-snippet:-1","max-image-preview":"max-image-preview:large","max-video-preview":"max-video-preview:-1"},"canonical":"https:\/\/emazing-creations.com\/academy\/product\/cukrljub-emakroni\/","og_locale":"sl_SI","og_type":"article","og_title":"Last minute torta Poppy Fields - LIVE workshop","og_description":"Na tem hands-on live workshopu se bomo u\u010dili priprave slastne lahkotne poletne tortice brez moke in glutena po imenu Poppy Fields.","og_url":"https:\/\/emazing-creations.com\/academy\/product\/cukrljub-emakroni\/","og_site_name":"Emazing Academy","article_publisher":"https:\/\/www.facebook.com\/emazingcreationsbyema\/","article_modified_time":"2023-05-23T05:29:43+00:00","og_image":[{"width":1200,"height":1200,"url":"https:\/\/emazing-creations.com\/academy\/wp-content\/uploads\/cukrmaster-emakroni.jpg","type":"image\/jpeg"}],"twitter_card":"summary_large_image","schema":{"@context":"https:\/\/schema.org","@graph":[{"@type":"WebPage","@id":"https:\/\/emazing-creations.com\/academy\/product\/cukrljub-emakroni\/","url":"https:\/\/emazing-creations.com\/academy\/product\/cukrljub-emakroni\/","name":"Last minute torta Poppy Fields - LIVE workshop","isPartOf":{"@id":"https:\/\/emazing-creations.com\/academy\/#website"},"datePublished":"2023-04-28T06:19:22+00:00","dateModified":"2023-05-23T05:29:43+00:00","description":"Na tem hands-on live workshopu se bomo u\u010dili priprave slastne lahkotne poletne tortice brez moke in glutena po imenu Poppy Fields.","breadcrumb":{"@id":"https:\/\/emazing-creations.com\/academy\/product\/cukrljub-emakroni\/#breadcrumb"},"inLanguage":"sl-SI","potentialAction":[{"@type":"ReadAction","target":["https:\/\/emazing-creations.com\/academy\/product\/cukrljub-emakroni\/"]}]},{"@type":"BreadcrumbList","@id":"https:\/\/emazing-creations.com\/academy\/product\/cukrljub-emakroni\/#breadcrumb","itemListElement":[{"@type":"ListItem","position":1,"name":"Home","item":"https:\/\/emazing-creations.com\/academy\/"},{"@type":"ListItem","position":2,"name":"Trgovina","item":"https:\/\/emazing-creations.com\/academy\/trgovina\/"},{"@type":"ListItem","position":3,"name":"Cukrljub &#8211; Emakroni"}]},{"@type":"WebSite","@id":"https:\/\/emazing-creations.com\/academy\/#website","url":"https:\/\/emazing-creations.com\/academy\/","name":"Emazing Academy","description":"Sladki spletni te\u010daji","publisher":{"@id":"https:\/\/emazing-creations.com\/academy\/#organization"},"potentialAction":[{"@type":"SearchAction","target":{"@type":"EntryPoint","urlTemplate":"https:\/\/emazing-creations.com\/academy\/?s={search_term_string}"},"query-input":"required name=search_term_string"}],"inLanguage":"sl-SI"},{"@type":"Organization","@id":"https:\/\/emazing-creations.com\/academy\/#organization","name":"Emazing Creations","alternateName":"Emazing Creations","url":"https:\/\/emazing-creations.com\/academy\/","logo":{"@type":"ImageObject","inLanguage":"sl-SI","@id":"https:\/\/emazing-creations.com\/academy\/#\/schema\/logo\/image\/","url":"https:\/\/emazing-creations.com\/academy\/wp-content\/uploads\/logo-main-black-2.svg","contentUrl":"https:\/\/emazing-creations.com\/academy\/wp-content\/uploads\/logo-main-black-2.svg","width":547,"height":147,"caption":"Emazing Creations"},"image":{"@id":"https:\/\/emazing-creations.com\/academy\/#\/schema\/logo\/image\/"},"sameAs":["https:\/\/www.facebook.com\/emazingcreationsbyema\/"]}]}},"_links":{"self":[{"href":"https:\/\/emazing-creations.com\/academy\/wp-json\/wp\/v3\/product\/3008"}],"collection":[{"href":"https:\/\/emazing-creations.com\/academy\/wp-json\/wp\/v3\/product"}],"about":[{"href":"https:\/\/emazing-creations.com\/academy\/wp-json\/wp\/v2\/types\/product"}],"wp:featuredmedia":[{"embeddable":true,"href":"https:\/\/emazing-creations.com\/academy\/wp-json\/wp\/v2\/media\/3011"}],"wp:attachment":[{"href":"https:\/\/emazing-creations.com\/academy\/wp-json\/wp\/v2\/media?parent=3008"}],"wp:term":[{"taxonomy":"product_cat","embeddable":true,"href":"https:\/\/emazing-creations.com\/academy\/wp-json\/wp\/v2\/product_cat?post=3008"},{"taxonomy":"product_tag","embeddable":true,"href":"https:\/\/emazing-creations.com\/academy\/wp-json\/wp\/v2\/product_tag?post=3008"}],"curies":[{"name":"wp","href":"https:\/\/api.w.org\/{rel}","templated":true}]}}