{"id":2999,"date":"2023-04-28T06:48:38","date_gmt":"2023-04-28T04:48:38","guid":{"rendered":"https:\/\/emazing-creations.com\/academy\/?post_type=product&#038;p=2999"},"modified":"2023-05-24T05:09:54","modified_gmt":"2023-05-24T03:09:54","slug":"poletna-otroska-torta","status":"publish","type":"product","link":"https:\/\/emazing-creations.com\/academy\/product\/poletna-otroska-torta\/","title":{"rendered":"Cukrljub &#8211; Poletna otro\u0161ka torta"},"content":{"rendered":"<p>Na tem hands-on live workshopu se bomo u\u010dili tehnik in izdelave igrive poletne otro\u0161ke torte.<\/p>\n<p>Pripravili bomo:<br \/>\n1. dve prikupni preprosti morski figurici<br \/>\n2. tehniko valovanja<br \/>\n3. pripravo plavajo\u010dih ri\u017eevih jader<br \/>\n4. pravilno uporabo akrilnih napisov, prezerviranega cvetja, nanos zlatih listi\u010dev in sprinklesov<\/p>\n<p>Dodatno boste prejeli \u0161e BONUS recept za na\u0161 Emazing masleni ganache s katerim sestavljamo in okra\u0161ujemo vse na\u0161e torte.<\/p>\n<p>Torte bomo obmazali, dekorirali s tehniko tekstur in okrasili s \u010dudovitimi ro\u010dno izdelanimi figuricami. Dodatno bomo pokazali tudi najbolj\u0161i na\u010din za pri\u010dvrstitev sprinklesov, akrilnih napisov in zlatih listi\u010dev, manjkalo pa ne bo tudi obilo drugih trikov in nasvetov za najbolj uspe\u0161no izdelavo va\u0161ih kreacij.<\/p>\n","protected":false},"excerpt":{"rendered":"<p><img decoding=\"async\" loading=\"lazy\" class=\"alignnone size-medium wp-image-3002\" src=\"https:\/\/emazing-creations.com\/academy\/wp-content\/uploads\/Cukrljub-otroska-poletna-500x500.jpg\" alt=\"Cukrljub otro\u0161ka poletna torta\" width=\"500\" height=\"500\" srcset=\"https:\/\/emazing-creations.com\/academy\/wp-content\/uploads\/Cukrljub-otroska-poletna-500x500.jpg 500w, https:\/\/emazing-creations.com\/academy\/wp-content\/uploads\/Cukrljub-otroska-poletna-350x350.jpg 350w, https:\/\/emazing-creations.com\/academy\/wp-content\/uploads\/Cukrljub-otroska-poletna-768x768.jpg 768w, https:\/\/emazing-creations.com\/academy\/wp-content\/uploads\/Cukrljub-otroska-poletna-600x600.jpg 600w, https:\/\/emazing-creations.com\/academy\/wp-content\/uploads\/Cukrljub-otroska-poletna-100x100.jpg 100w, https:\/\/emazing-creations.com\/academy\/wp-content\/uploads\/Cukrljub-otroska-poletna.jpg 1200w\" sizes=\"(max-width: 500px) 100vw, 500px\" \/><\/p>\n<p>Pripravili bomo igrivo poletno otro\u0161ko tortico z ro\u010dno izdelanimi figuricami, plavajo\u010dimi jadri in igro tekstur.<\/p>\n<p>&nbsp;<\/p>\n","protected":false},"featured_media":3002,"template":"","meta":{"inline_featured_image":false,"_mi_skip_tracking":false},"product_cat":[22,32],"product_tag":[],"yoast_head":"<!-- This site is optimized with the Yoast SEO plugin v20.6 - https:\/\/yoast.com\/wordpress\/plugins\/seo\/ -->\n<title>Last minute torta Poppy Fields - LIVE workshop<\/title>\n<meta name=\"description\" content=\"Na tem hands-on live workshopu se bomo u\u010dili priprave slastne lahkotne poletne tortice brez moke in glutena po imenu Poppy Fields.\" \/>\n<meta name=\"robots\" content=\"index, follow, max-snippet:-1, max-image-preview:large, max-video-preview:-1\" \/>\n<link rel=\"canonical\" href=\"https:\/\/emazing-creations.com\/academy\/product\/poletna-otroska-torta\/\" \/>\n<meta property=\"og:locale\" content=\"sl_SI\" \/>\n<meta property=\"og:type\" content=\"article\" \/>\n<meta property=\"og:title\" content=\"Last minute torta Poppy Fields - LIVE workshop\" \/>\n<meta property=\"og:description\" content=\"Na tem hands-on live workshopu se bomo u\u010dili priprave slastne lahkotne poletne tortice brez moke in glutena po imenu Poppy Fields.\" \/>\n<meta property=\"og:url\" content=\"https:\/\/emazing-creations.com\/academy\/product\/poletna-otroska-torta\/\" \/>\n<meta property=\"og:site_name\" content=\"Emazing Academy\" \/>\n<meta property=\"article:publisher\" content=\"https:\/\/www.facebook.com\/emazingcreationsbyema\/\" \/>\n<meta property=\"article:modified_time\" content=\"2023-05-24T03:09:54+00:00\" \/>\n<meta property=\"og:image\" content=\"https:\/\/emazing-creations.com\/academy\/wp-content\/uploads\/Cukrljub-otroska-poletna.jpg\" \/>\n\t<meta property=\"og:image:width\" content=\"1200\" \/>\n\t<meta property=\"og:image:height\" content=\"1200\" \/>\n\t<meta property=\"og:image:type\" content=\"image\/jpeg\" \/>\n<meta name=\"twitter:card\" content=\"summary_large_image\" \/>\n<script type=\"application\/ld+json\" class=\"yoast-schema-graph\">{\"@context\":\"https:\/\/schema.org\",\"@graph\":[{\"@type\":\"WebPage\",\"@id\":\"https:\/\/emazing-creations.com\/academy\/product\/poletna-otroska-torta\/\",\"url\":\"https:\/\/emazing-creations.com\/academy\/product\/poletna-otroska-torta\/\",\"name\":\"Last minute torta Poppy Fields - LIVE workshop\",\"isPartOf\":{\"@id\":\"https:\/\/emazing-creations.com\/academy\/#website\"},\"datePublished\":\"2023-04-28T04:48:38+00:00\",\"dateModified\":\"2023-05-24T03:09:54+00:00\",\"description\":\"Na tem hands-on live workshopu se bomo u\u010dili priprave slastne lahkotne poletne tortice brez moke in glutena po imenu Poppy Fields.\",\"breadcrumb\":{\"@id\":\"https:\/\/emazing-creations.com\/academy\/product\/poletna-otroska-torta\/#breadcrumb\"},\"inLanguage\":\"sl-SI\",\"potentialAction\":[{\"@type\":\"ReadAction\",\"target\":[\"https:\/\/emazing-creations.com\/academy\/product\/poletna-otroska-torta\/\"]}]},{\"@type\":\"BreadcrumbList\",\"@id\":\"https:\/\/emazing-creations.com\/academy\/product\/poletna-otroska-torta\/#breadcrumb\",\"itemListElement\":[{\"@type\":\"ListItem\",\"position\":1,\"name\":\"Home\",\"item\":\"https:\/\/emazing-creations.com\/academy\/\"},{\"@type\":\"ListItem\",\"position\":2,\"name\":\"Trgovina\",\"item\":\"https:\/\/emazing-creations.com\/academy\/trgovina\/\"},{\"@type\":\"ListItem\",\"position\":3,\"name\":\"Cukrljub &#8211; Poletna otro\u0161ka torta\"}]},{\"@type\":\"WebSite\",\"@id\":\"https:\/\/emazing-creations.com\/academy\/#website\",\"url\":\"https:\/\/emazing-creations.com\/academy\/\",\"name\":\"Emazing Academy\",\"description\":\"Sladki spletni te\u010daji\",\"publisher\":{\"@id\":\"https:\/\/emazing-creations.com\/academy\/#organization\"},\"potentialAction\":[{\"@type\":\"SearchAction\",\"target\":{\"@type\":\"EntryPoint\",\"urlTemplate\":\"https:\/\/emazing-creations.com\/academy\/?s={search_term_string}\"},\"query-input\":\"required name=search_term_string\"}],\"inLanguage\":\"sl-SI\"},{\"@type\":\"Organization\",\"@id\":\"https:\/\/emazing-creations.com\/academy\/#organization\",\"name\":\"Emazing Creations\",\"alternateName\":\"Emazing Creations\",\"url\":\"https:\/\/emazing-creations.com\/academy\/\",\"logo\":{\"@type\":\"ImageObject\",\"inLanguage\":\"sl-SI\",\"@id\":\"https:\/\/emazing-creations.com\/academy\/#\/schema\/logo\/image\/\",\"url\":\"https:\/\/emazing-creations.com\/academy\/wp-content\/uploads\/logo-main-black-2.svg\",\"contentUrl\":\"https:\/\/emazing-creations.com\/academy\/wp-content\/uploads\/logo-main-black-2.svg\",\"width\":547,\"height\":147,\"caption\":\"Emazing Creations\"},\"image\":{\"@id\":\"https:\/\/emazing-creations.com\/academy\/#\/schema\/logo\/image\/\"},\"sameAs\":[\"https:\/\/www.facebook.com\/emazingcreationsbyema\/\"]}]}<\/script>\n<!-- \/ Yoast SEO plugin. -->","yoast_head_json":{"title":"Last minute torta Poppy Fields - LIVE workshop","description":"Na tem hands-on live workshopu se bomo u\u010dili priprave slastne lahkotne poletne tortice brez moke in glutena po imenu Poppy Fields.","robots":{"index":"index","follow":"follow","max-snippet":"max-snippet:-1","max-image-preview":"max-image-preview:large","max-video-preview":"max-video-preview:-1"},"canonical":"https:\/\/emazing-creations.com\/academy\/product\/poletna-otroska-torta\/","og_locale":"sl_SI","og_type":"article","og_title":"Last minute torta Poppy Fields - LIVE workshop","og_description":"Na tem hands-on live workshopu se bomo u\u010dili priprave slastne lahkotne poletne tortice brez moke in glutena po imenu Poppy Fields.","og_url":"https:\/\/emazing-creations.com\/academy\/product\/poletna-otroska-torta\/","og_site_name":"Emazing Academy","article_publisher":"https:\/\/www.facebook.com\/emazingcreationsbyema\/","article_modified_time":"2023-05-24T03:09:54+00:00","og_image":[{"width":1200,"height":1200,"url":"https:\/\/emazing-creations.com\/academy\/wp-content\/uploads\/Cukrljub-otroska-poletna.jpg","type":"image\/jpeg"}],"twitter_card":"summary_large_image","schema":{"@context":"https:\/\/schema.org","@graph":[{"@type":"WebPage","@id":"https:\/\/emazing-creations.com\/academy\/product\/poletna-otroska-torta\/","url":"https:\/\/emazing-creations.com\/academy\/product\/poletna-otroska-torta\/","name":"Last minute torta Poppy Fields - LIVE workshop","isPartOf":{"@id":"https:\/\/emazing-creations.com\/academy\/#website"},"datePublished":"2023-04-28T04:48:38+00:00","dateModified":"2023-05-24T03:09:54+00:00","description":"Na tem hands-on live workshopu se bomo u\u010dili priprave slastne lahkotne poletne tortice brez moke in glutena po imenu Poppy Fields.","breadcrumb":{"@id":"https:\/\/emazing-creations.com\/academy\/product\/poletna-otroska-torta\/#breadcrumb"},"inLanguage":"sl-SI","potentialAction":[{"@type":"ReadAction","target":["https:\/\/emazing-creations.com\/academy\/product\/poletna-otroska-torta\/"]}]},{"@type":"BreadcrumbList","@id":"https:\/\/emazing-creations.com\/academy\/product\/poletna-otroska-torta\/#breadcrumb","itemListElement":[{"@type":"ListItem","position":1,"name":"Home","item":"https:\/\/emazing-creations.com\/academy\/"},{"@type":"ListItem","position":2,"name":"Trgovina","item":"https:\/\/emazing-creations.com\/academy\/trgovina\/"},{"@type":"ListItem","position":3,"name":"Cukrljub &#8211; Poletna otro\u0161ka torta"}]},{"@type":"WebSite","@id":"https:\/\/emazing-creations.com\/academy\/#website","url":"https:\/\/emazing-creations.com\/academy\/","name":"Emazing Academy","description":"Sladki spletni te\u010daji","publisher":{"@id":"https:\/\/emazing-creations.com\/academy\/#organization"},"potentialAction":[{"@type":"SearchAction","target":{"@type":"EntryPoint","urlTemplate":"https:\/\/emazing-creations.com\/academy\/?s={search_term_string}"},"query-input":"required name=search_term_string"}],"inLanguage":"sl-SI"},{"@type":"Organization","@id":"https:\/\/emazing-creations.com\/academy\/#organization","name":"Emazing Creations","alternateName":"Emazing Creations","url":"https:\/\/emazing-creations.com\/academy\/","logo":{"@type":"ImageObject","inLanguage":"sl-SI","@id":"https:\/\/emazing-creations.com\/academy\/#\/schema\/logo\/image\/","url":"https:\/\/emazing-creations.com\/academy\/wp-content\/uploads\/logo-main-black-2.svg","contentUrl":"https:\/\/emazing-creations.com\/academy\/wp-content\/uploads\/logo-main-black-2.svg","width":547,"height":147,"caption":"Emazing Creations"},"image":{"@id":"https:\/\/emazing-creations.com\/academy\/#\/schema\/logo\/image\/"},"sameAs":["https:\/\/www.facebook.com\/emazingcreationsbyema\/"]}]}},"_links":{"self":[{"href":"https:\/\/emazing-creations.com\/academy\/wp-json\/wp\/v3\/product\/2999"}],"collection":[{"href":"https:\/\/emazing-creations.com\/academy\/wp-json\/wp\/v3\/product"}],"about":[{"href":"https:\/\/emazing-creations.com\/academy\/wp-json\/wp\/v2\/types\/product"}],"wp:featuredmedia":[{"embeddable":true,"href":"https:\/\/emazing-creations.com\/academy\/wp-json\/wp\/v2\/media\/3002"}],"wp:attachment":[{"href":"https:\/\/emazing-creations.com\/academy\/wp-json\/wp\/v2\/media?parent=2999"}],"wp:term":[{"taxonomy":"product_cat","embeddable":true,"href":"https:\/\/emazing-creations.com\/academy\/wp-json\/wp\/v2\/product_cat?post=2999"},{"taxonomy":"product_tag","embeddable":true,"href":"https:\/\/emazing-creations.com\/academy\/wp-json\/wp\/v2\/product_tag?post=2999"}],"curies":[{"name":"wp","href":"https:\/\/api.w.org\/{rel}","templated":true}]}}