{"id":2994,"date":"2023-04-28T06:35:11","date_gmt":"2023-04-28T04:35:11","guid":{"rendered":"https:\/\/emazing-creations.com\/academy\/?post_type=product&#038;p=2994"},"modified":"2023-05-24T05:07:04","modified_gmt":"2023-05-24T03:07:04","slug":"cukrljub-torta-jagodni-cizkejk","status":"publish","type":"product","link":"https:\/\/emazing-creations.com\/academy\/product\/cukrljub-torta-jagodni-cizkejk\/","title":{"rendered":"Cukrljub &#8211; torta Jagodni \u010dizkejk"},"content":{"rendered":"<p>Na tem hands-on live workshopu se bomo u\u010dili priprave slastne lahkotne poletne tortice po imenu Jagodni \u010dizkejk.<\/p>\n<p>Pripravili bomo:<br \/>\n1. so\u010den puhast limonin biskvit<br \/>\n2. okusen jagodni pire<br \/>\n3. osve\u017eilno kremo s kremnim sirom<br \/>\n4. sticky kokosov konfit<\/p>\n<p>Dodatno boste prejeli \u0161e BONUS recept za na\u0161 Emazing masleni ganache s katerim sestavljamo in okra\u0161ujemo vse na\u0161e torte.<\/p>\n<p>Torte bomo sestavili, jih obmazali, dekorirali s tehniko tekstur in okrasili s \u010dudovitim cvetjem. Dodatno bomo pokazali tudi najbolj\u0161i na\u010din za pri\u010dvrstitev sprinklesov, akrilnih napisov in makronov, manjkalo pa ne bo tudi obilo drugih trikov in nasvetov za najbolj uspe\u0161no izdelavo va\u0161ih kreacij.<\/p>\n","protected":false},"excerpt":{"rendered":"<p><img decoding=\"async\" loading=\"lazy\" class=\"alignnone size-medium wp-image-2997\" src=\"https:\/\/emazing-creations.com\/academy\/wp-content\/uploads\/cukrljub-cudovita-torta-500x500.jpg\" alt=\"Cukrljub jagodni \u010dizkejk teksturna tehnika\" width=\"500\" height=\"500\" srcset=\"https:\/\/emazing-creations.com\/academy\/wp-content\/uploads\/cukrljub-cudovita-torta-500x500.jpg 500w, https:\/\/emazing-creations.com\/academy\/wp-content\/uploads\/cukrljub-cudovita-torta-350x350.jpg 350w, https:\/\/emazing-creations.com\/academy\/wp-content\/uploads\/cukrljub-cudovita-torta-768x768.jpg 768w, https:\/\/emazing-creations.com\/academy\/wp-content\/uploads\/cukrljub-cudovita-torta-600x600.jpg 600w, https:\/\/emazing-creations.com\/academy\/wp-content\/uploads\/cukrljub-cudovita-torta-100x100.jpg 100w, https:\/\/emazing-creations.com\/academy\/wp-content\/uploads\/cukrljub-cudovita-torta.jpg 1200w\" sizes=\"(max-width: 500px) 100vw, 500px\" \/><\/p>\n<p>Pripravili bomo prelepo torto s teksturno tehniko in okusom Jagodni \u010dizkejk.<\/p>\n<p>&nbsp;<\/p>\n","protected":false},"featured_media":2997,"template":"","meta":{"inline_featured_image":false,"_mi_skip_tracking":false},"product_cat":[22,32],"product_tag":[],"yoast_head":"<!-- This site is optimized with the Yoast SEO plugin v20.6 - https:\/\/yoast.com\/wordpress\/plugins\/seo\/ -->\n<title>Last minute torta Poppy Fields - LIVE workshop<\/title>\n<meta name=\"description\" content=\"Na tem hands-on live workshopu se bomo u\u010dili priprave slastne lahkotne poletne tortice brez moke in glutena po imenu Poppy Fields.\" \/>\n<meta name=\"robots\" content=\"index, follow, max-snippet:-1, max-image-preview:large, max-video-preview:-1\" \/>\n<link rel=\"canonical\" href=\"https:\/\/emazing-creations.com\/academy\/product\/cukrljub-torta-jagodni-cizkejk\/\" \/>\n<meta property=\"og:locale\" content=\"sl_SI\" \/>\n<meta property=\"og:type\" content=\"article\" \/>\n<meta property=\"og:title\" content=\"Last minute torta Poppy Fields - LIVE workshop\" \/>\n<meta property=\"og:description\" content=\"Na tem hands-on live workshopu se bomo u\u010dili priprave slastne lahkotne poletne tortice brez moke in glutena po imenu Poppy Fields.\" \/>\n<meta property=\"og:url\" content=\"https:\/\/emazing-creations.com\/academy\/product\/cukrljub-torta-jagodni-cizkejk\/\" \/>\n<meta property=\"og:site_name\" content=\"Emazing Academy\" \/>\n<meta property=\"article:publisher\" content=\"https:\/\/www.facebook.com\/emazingcreationsbyema\/\" \/>\n<meta property=\"article:modified_time\" content=\"2023-05-24T03:07:04+00:00\" \/>\n<meta property=\"og:image\" content=\"https:\/\/emazing-creations.com\/academy\/wp-content\/uploads\/cukrljub-cudovita-torta.jpg\" \/>\n\t<meta property=\"og:image:width\" content=\"1200\" \/>\n\t<meta property=\"og:image:height\" content=\"1200\" \/>\n\t<meta property=\"og:image:type\" content=\"image\/jpeg\" \/>\n<meta name=\"twitter:card\" content=\"summary_large_image\" \/>\n<script type=\"application\/ld+json\" class=\"yoast-schema-graph\">{\"@context\":\"https:\/\/schema.org\",\"@graph\":[{\"@type\":\"WebPage\",\"@id\":\"https:\/\/emazing-creations.com\/academy\/product\/cukrljub-torta-jagodni-cizkejk\/\",\"url\":\"https:\/\/emazing-creations.com\/academy\/product\/cukrljub-torta-jagodni-cizkejk\/\",\"name\":\"Last minute torta Poppy Fields - LIVE workshop\",\"isPartOf\":{\"@id\":\"https:\/\/emazing-creations.com\/academy\/#website\"},\"datePublished\":\"2023-04-28T04:35:11+00:00\",\"dateModified\":\"2023-05-24T03:07:04+00:00\",\"description\":\"Na tem hands-on live workshopu se bomo u\u010dili priprave slastne lahkotne poletne tortice brez moke in glutena po imenu Poppy Fields.\",\"breadcrumb\":{\"@id\":\"https:\/\/emazing-creations.com\/academy\/product\/cukrljub-torta-jagodni-cizkejk\/#breadcrumb\"},\"inLanguage\":\"sl-SI\",\"potentialAction\":[{\"@type\":\"ReadAction\",\"target\":[\"https:\/\/emazing-creations.com\/academy\/product\/cukrljub-torta-jagodni-cizkejk\/\"]}]},{\"@type\":\"BreadcrumbList\",\"@id\":\"https:\/\/emazing-creations.com\/academy\/product\/cukrljub-torta-jagodni-cizkejk\/#breadcrumb\",\"itemListElement\":[{\"@type\":\"ListItem\",\"position\":1,\"name\":\"Home\",\"item\":\"https:\/\/emazing-creations.com\/academy\/\"},{\"@type\":\"ListItem\",\"position\":2,\"name\":\"Trgovina\",\"item\":\"https:\/\/emazing-creations.com\/academy\/trgovina\/\"},{\"@type\":\"ListItem\",\"position\":3,\"name\":\"Cukrljub &#8211; torta Jagodni \u010dizkejk\"}]},{\"@type\":\"WebSite\",\"@id\":\"https:\/\/emazing-creations.com\/academy\/#website\",\"url\":\"https:\/\/emazing-creations.com\/academy\/\",\"name\":\"Emazing Academy\",\"description\":\"Sladki spletni te\u010daji\",\"publisher\":{\"@id\":\"https:\/\/emazing-creations.com\/academy\/#organization\"},\"potentialAction\":[{\"@type\":\"SearchAction\",\"target\":{\"@type\":\"EntryPoint\",\"urlTemplate\":\"https:\/\/emazing-creations.com\/academy\/?s={search_term_string}\"},\"query-input\":\"required name=search_term_string\"}],\"inLanguage\":\"sl-SI\"},{\"@type\":\"Organization\",\"@id\":\"https:\/\/emazing-creations.com\/academy\/#organization\",\"name\":\"Emazing Creations\",\"alternateName\":\"Emazing Creations\",\"url\":\"https:\/\/emazing-creations.com\/academy\/\",\"logo\":{\"@type\":\"ImageObject\",\"inLanguage\":\"sl-SI\",\"@id\":\"https:\/\/emazing-creations.com\/academy\/#\/schema\/logo\/image\/\",\"url\":\"https:\/\/emazing-creations.com\/academy\/wp-content\/uploads\/logo-main-black-2.svg\",\"contentUrl\":\"https:\/\/emazing-creations.com\/academy\/wp-content\/uploads\/logo-main-black-2.svg\",\"width\":547,\"height\":147,\"caption\":\"Emazing Creations\"},\"image\":{\"@id\":\"https:\/\/emazing-creations.com\/academy\/#\/schema\/logo\/image\/\"},\"sameAs\":[\"https:\/\/www.facebook.com\/emazingcreationsbyema\/\"]}]}<\/script>\n<!-- \/ Yoast SEO plugin. -->","yoast_head_json":{"title":"Last minute torta Poppy Fields - LIVE workshop","description":"Na tem hands-on live workshopu se bomo u\u010dili priprave slastne lahkotne poletne tortice brez moke in glutena po imenu Poppy Fields.","robots":{"index":"index","follow":"follow","max-snippet":"max-snippet:-1","max-image-preview":"max-image-preview:large","max-video-preview":"max-video-preview:-1"},"canonical":"https:\/\/emazing-creations.com\/academy\/product\/cukrljub-torta-jagodni-cizkejk\/","og_locale":"sl_SI","og_type":"article","og_title":"Last minute torta Poppy Fields - LIVE workshop","og_description":"Na tem hands-on live workshopu se bomo u\u010dili priprave slastne lahkotne poletne tortice brez moke in glutena po imenu Poppy Fields.","og_url":"https:\/\/emazing-creations.com\/academy\/product\/cukrljub-torta-jagodni-cizkejk\/","og_site_name":"Emazing Academy","article_publisher":"https:\/\/www.facebook.com\/emazingcreationsbyema\/","article_modified_time":"2023-05-24T03:07:04+00:00","og_image":[{"width":1200,"height":1200,"url":"https:\/\/emazing-creations.com\/academy\/wp-content\/uploads\/cukrljub-cudovita-torta.jpg","type":"image\/jpeg"}],"twitter_card":"summary_large_image","schema":{"@context":"https:\/\/schema.org","@graph":[{"@type":"WebPage","@id":"https:\/\/emazing-creations.com\/academy\/product\/cukrljub-torta-jagodni-cizkejk\/","url":"https:\/\/emazing-creations.com\/academy\/product\/cukrljub-torta-jagodni-cizkejk\/","name":"Last minute torta Poppy Fields - LIVE workshop","isPartOf":{"@id":"https:\/\/emazing-creations.com\/academy\/#website"},"datePublished":"2023-04-28T04:35:11+00:00","dateModified":"2023-05-24T03:07:04+00:00","description":"Na tem hands-on live workshopu se bomo u\u010dili priprave slastne lahkotne poletne tortice brez moke in glutena po imenu Poppy Fields.","breadcrumb":{"@id":"https:\/\/emazing-creations.com\/academy\/product\/cukrljub-torta-jagodni-cizkejk\/#breadcrumb"},"inLanguage":"sl-SI","potentialAction":[{"@type":"ReadAction","target":["https:\/\/emazing-creations.com\/academy\/product\/cukrljub-torta-jagodni-cizkejk\/"]}]},{"@type":"BreadcrumbList","@id":"https:\/\/emazing-creations.com\/academy\/product\/cukrljub-torta-jagodni-cizkejk\/#breadcrumb","itemListElement":[{"@type":"ListItem","position":1,"name":"Home","item":"https:\/\/emazing-creations.com\/academy\/"},{"@type":"ListItem","position":2,"name":"Trgovina","item":"https:\/\/emazing-creations.com\/academy\/trgovina\/"},{"@type":"ListItem","position":3,"name":"Cukrljub &#8211; torta Jagodni \u010dizkejk"}]},{"@type":"WebSite","@id":"https:\/\/emazing-creations.com\/academy\/#website","url":"https:\/\/emazing-creations.com\/academy\/","name":"Emazing Academy","description":"Sladki spletni te\u010daji","publisher":{"@id":"https:\/\/emazing-creations.com\/academy\/#organization"},"potentialAction":[{"@type":"SearchAction","target":{"@type":"EntryPoint","urlTemplate":"https:\/\/emazing-creations.com\/academy\/?s={search_term_string}"},"query-input":"required name=search_term_string"}],"inLanguage":"sl-SI"},{"@type":"Organization","@id":"https:\/\/emazing-creations.com\/academy\/#organization","name":"Emazing Creations","alternateName":"Emazing Creations","url":"https:\/\/emazing-creations.com\/academy\/","logo":{"@type":"ImageObject","inLanguage":"sl-SI","@id":"https:\/\/emazing-creations.com\/academy\/#\/schema\/logo\/image\/","url":"https:\/\/emazing-creations.com\/academy\/wp-content\/uploads\/logo-main-black-2.svg","contentUrl":"https:\/\/emazing-creations.com\/academy\/wp-content\/uploads\/logo-main-black-2.svg","width":547,"height":147,"caption":"Emazing Creations"},"image":{"@id":"https:\/\/emazing-creations.com\/academy\/#\/schema\/logo\/image\/"},"sameAs":["https:\/\/www.facebook.com\/emazingcreationsbyema\/"]}]}},"_links":{"self":[{"href":"https:\/\/emazing-creations.com\/academy\/wp-json\/wp\/v3\/product\/2994"}],"collection":[{"href":"https:\/\/emazing-creations.com\/academy\/wp-json\/wp\/v3\/product"}],"about":[{"href":"https:\/\/emazing-creations.com\/academy\/wp-json\/wp\/v2\/types\/product"}],"wp:featuredmedia":[{"embeddable":true,"href":"https:\/\/emazing-creations.com\/academy\/wp-json\/wp\/v2\/media\/2997"}],"wp:attachment":[{"href":"https:\/\/emazing-creations.com\/academy\/wp-json\/wp\/v2\/media?parent=2994"}],"wp:term":[{"taxonomy":"product_cat","embeddable":true,"href":"https:\/\/emazing-creations.com\/academy\/wp-json\/wp\/v2\/product_cat?post=2994"},{"taxonomy":"product_tag","embeddable":true,"href":"https:\/\/emazing-creations.com\/academy\/wp-json\/wp\/v2\/product_tag?post=2994"}],"curies":[{"name":"wp","href":"https:\/\/api.w.org\/{rel}","templated":true}]}}