{"id":2963,"date":"2023-04-26T07:35:11","date_gmt":"2023-04-26T05:35:11","guid":{"rendered":"https:\/\/emazing-creations.com\/academy\/?post_type=product&#038;p=2963"},"modified":"2023-05-24T05:09:10","modified_gmt":"2023-05-24T03:09:10","slug":"cudovita-porocna-torta","status":"publish","type":"product","link":"https:\/\/emazing-creations.com\/academy\/product\/cudovita-porocna-torta\/","title":{"rendered":"Cukrmaster &#8211; \u010cudovita poro\u010dna torta"},"content":{"rendered":"<p>Na tem intenzivnem demonstracijskem live workshopu se bomo spoznavali z izdelavo dvonadstropne poro\u010dne torte in vsem, kar pa\u0161e zraven.<\/p>\n<p>Pripravili bomo dva okusa torte:<br \/>\nEASY BREEZY (\u010dokoladni biskvit z limono, krema gr\u0161kega jogurta, borovni\u010dev pire)<br \/>\nMYSTIC FOREST (\u010dokoladni biskvit, svilnat \u010dokoladni ganache, skutina krema, vi\u0161nje)<\/p>\n<p>Izdelali bomo tudi na\u0161 \u010dudovit masleni ganache, ki ga v Emazing studiu uporabljamo tako za sestavljanje tort kot tudi obmazovanje.<\/p>\n<p>Popeljali vas bomo skozi podroben postopek pravilnega sestavljanja ve\u010dnadstropnih tort.<\/p>\n<p>Pokazali vam bomo tehniko dekoriranja s preprostim premazom ter subtilnim marmornim fini\u0161em.<\/p>\n<p>Na koncu pa bomo tortico \u0161e prelepo okrasili, jo degustirali in si jo razdelili za domov. WAW!<\/p>\n<p>&nbsp;<\/p>\n","protected":false},"excerpt":{"rendered":"<p><img decoding=\"async\" loading=\"lazy\" class=\"alignnone size-medium wp-image-2964\" src=\"https:\/\/emazing-creations.com\/academy\/wp-content\/uploads\/Demo-wedding-cake-twotiered-500x500.jpg\" alt=\"Demo wedding cake two tiered\" width=\"500\" height=\"500\" srcset=\"https:\/\/emazing-creations.com\/academy\/wp-content\/uploads\/Demo-wedding-cake-twotiered-500x500.jpg 500w, https:\/\/emazing-creations.com\/academy\/wp-content\/uploads\/Demo-wedding-cake-twotiered-350x350.jpg 350w, https:\/\/emazing-creations.com\/academy\/wp-content\/uploads\/Demo-wedding-cake-twotiered-768x768.jpg 768w, https:\/\/emazing-creations.com\/academy\/wp-content\/uploads\/Demo-wedding-cake-twotiered-600x600.jpg 600w, https:\/\/emazing-creations.com\/academy\/wp-content\/uploads\/Demo-wedding-cake-twotiered-100x100.jpg 100w\" sizes=\"(max-width: 500px) 100vw, 500px\" \/><\/p>\n<p>Pripravili bomo dvonadstropno poro\u010dno torto z okusom Easy breezy in Mystic Forest, jo dekorirali s subtilnim marmornim fini\u0161em in zaklju\u010dili s \u010dudovito dekoracijo.<\/p>\n<p>&nbsp;<\/p>\n","protected":false},"featured_media":2964,"template":"","meta":{"inline_featured_image":false,"_mi_skip_tracking":false},"product_cat":[22,32],"product_tag":[],"yoast_head":"<!-- This site is optimized with the Yoast SEO plugin v20.6 - https:\/\/yoast.com\/wordpress\/plugins\/seo\/ -->\n<title>Cukrmaster - \u010cudovita poro\u010dna torta - Emazing Academy<\/title>\n<meta name=\"description\" content=\"Na tem demonstracijskem live workshopu se bomo spoznavali z izdelavo dvonadstropne poro\u010dne torte in vsem, kar pa\u0161e zraven.\" \/>\n<meta name=\"robots\" content=\"index, follow, max-snippet:-1, max-image-preview:large, max-video-preview:-1\" \/>\n<link rel=\"canonical\" href=\"https:\/\/emazing-creations.com\/academy\/product\/cudovita-porocna-torta\/\" \/>\n<meta property=\"og:locale\" content=\"sl_SI\" \/>\n<meta property=\"og:type\" content=\"article\" \/>\n<meta property=\"og:title\" content=\"Cukrmaster - \u010cudovita poro\u010dna torta - Emazing Academy\" \/>\n<meta property=\"og:description\" content=\"Na tem demonstracijskem live workshopu se bomo spoznavali z izdelavo dvonadstropne poro\u010dne torte in vsem, kar pa\u0161e zraven.\" \/>\n<meta property=\"og:url\" content=\"https:\/\/emazing-creations.com\/academy\/product\/cudovita-porocna-torta\/\" \/>\n<meta property=\"og:site_name\" content=\"Emazing Academy\" \/>\n<meta property=\"article:publisher\" content=\"https:\/\/www.facebook.com\/emazingcreationsbyema\/\" \/>\n<meta property=\"article:modified_time\" content=\"2023-05-24T03:09:10+00:00\" \/>\n<meta property=\"og:image\" content=\"https:\/\/emazing-creations.com\/academy\/wp-content\/uploads\/Demo-wedding-cake-twotiered.jpg\" \/>\n\t<meta property=\"og:image:width\" content=\"800\" \/>\n\t<meta property=\"og:image:height\" content=\"800\" \/>\n\t<meta property=\"og:image:type\" content=\"image\/jpeg\" \/>\n<meta name=\"twitter:card\" content=\"summary_large_image\" \/>\n<script type=\"application\/ld+json\" class=\"yoast-schema-graph\">{\"@context\":\"https:\/\/schema.org\",\"@graph\":[{\"@type\":\"WebPage\",\"@id\":\"https:\/\/emazing-creations.com\/academy\/product\/cudovita-porocna-torta\/\",\"url\":\"https:\/\/emazing-creations.com\/academy\/product\/cudovita-porocna-torta\/\",\"name\":\"Cukrmaster - \u010cudovita poro\u010dna torta - Emazing Academy\",\"isPartOf\":{\"@id\":\"https:\/\/emazing-creations.com\/academy\/#website\"},\"datePublished\":\"2023-04-26T05:35:11+00:00\",\"dateModified\":\"2023-05-24T03:09:10+00:00\",\"description\":\"Na tem demonstracijskem live workshopu se bomo spoznavali z izdelavo dvonadstropne poro\u010dne torte in vsem, kar pa\u0161e zraven.\",\"breadcrumb\":{\"@id\":\"https:\/\/emazing-creations.com\/academy\/product\/cudovita-porocna-torta\/#breadcrumb\"},\"inLanguage\":\"sl-SI\",\"potentialAction\":[{\"@type\":\"ReadAction\",\"target\":[\"https:\/\/emazing-creations.com\/academy\/product\/cudovita-porocna-torta\/\"]}]},{\"@type\":\"BreadcrumbList\",\"@id\":\"https:\/\/emazing-creations.com\/academy\/product\/cudovita-porocna-torta\/#breadcrumb\",\"itemListElement\":[{\"@type\":\"ListItem\",\"position\":1,\"name\":\"Home\",\"item\":\"https:\/\/emazing-creations.com\/academy\/\"},{\"@type\":\"ListItem\",\"position\":2,\"name\":\"Trgovina\",\"item\":\"https:\/\/emazing-creations.com\/academy\/trgovina\/\"},{\"@type\":\"ListItem\",\"position\":3,\"name\":\"Cukrmaster &#8211; \u010cudovita poro\u010dna torta\"}]},{\"@type\":\"WebSite\",\"@id\":\"https:\/\/emazing-creations.com\/academy\/#website\",\"url\":\"https:\/\/emazing-creations.com\/academy\/\",\"name\":\"Emazing Academy\",\"description\":\"Sladki spletni te\u010daji\",\"publisher\":{\"@id\":\"https:\/\/emazing-creations.com\/academy\/#organization\"},\"potentialAction\":[{\"@type\":\"SearchAction\",\"target\":{\"@type\":\"EntryPoint\",\"urlTemplate\":\"https:\/\/emazing-creations.com\/academy\/?s={search_term_string}\"},\"query-input\":\"required name=search_term_string\"}],\"inLanguage\":\"sl-SI\"},{\"@type\":\"Organization\",\"@id\":\"https:\/\/emazing-creations.com\/academy\/#organization\",\"name\":\"Emazing Creations\",\"alternateName\":\"Emazing Creations\",\"url\":\"https:\/\/emazing-creations.com\/academy\/\",\"logo\":{\"@type\":\"ImageObject\",\"inLanguage\":\"sl-SI\",\"@id\":\"https:\/\/emazing-creations.com\/academy\/#\/schema\/logo\/image\/\",\"url\":\"https:\/\/emazing-creations.com\/academy\/wp-content\/uploads\/logo-main-black-2.svg\",\"contentUrl\":\"https:\/\/emazing-creations.com\/academy\/wp-content\/uploads\/logo-main-black-2.svg\",\"width\":547,\"height\":147,\"caption\":\"Emazing Creations\"},\"image\":{\"@id\":\"https:\/\/emazing-creations.com\/academy\/#\/schema\/logo\/image\/\"},\"sameAs\":[\"https:\/\/www.facebook.com\/emazingcreationsbyema\/\"]}]}<\/script>\n<!-- \/ Yoast SEO plugin. -->","yoast_head_json":{"title":"Cukrmaster - \u010cudovita poro\u010dna torta - Emazing Academy","description":"Na tem demonstracijskem live workshopu se bomo spoznavali z izdelavo dvonadstropne poro\u010dne torte in vsem, kar pa\u0161e zraven.","robots":{"index":"index","follow":"follow","max-snippet":"max-snippet:-1","max-image-preview":"max-image-preview:large","max-video-preview":"max-video-preview:-1"},"canonical":"https:\/\/emazing-creations.com\/academy\/product\/cudovita-porocna-torta\/","og_locale":"sl_SI","og_type":"article","og_title":"Cukrmaster - \u010cudovita poro\u010dna torta - Emazing Academy","og_description":"Na tem demonstracijskem live workshopu se bomo spoznavali z izdelavo dvonadstropne poro\u010dne torte in vsem, kar pa\u0161e zraven.","og_url":"https:\/\/emazing-creations.com\/academy\/product\/cudovita-porocna-torta\/","og_site_name":"Emazing Academy","article_publisher":"https:\/\/www.facebook.com\/emazingcreationsbyema\/","article_modified_time":"2023-05-24T03:09:10+00:00","og_image":[{"url":"https:\/\/emazing-creations.com\/academy\/wp-content\/uploads\/Demo-wedding-cake-twotiered.jpg","width":800,"height":800,"type":"image\/jpeg"}],"twitter_card":"summary_large_image","schema":{"@context":"https:\/\/schema.org","@graph":[{"@type":"WebPage","@id":"https:\/\/emazing-creations.com\/academy\/product\/cudovita-porocna-torta\/","url":"https:\/\/emazing-creations.com\/academy\/product\/cudovita-porocna-torta\/","name":"Cukrmaster - \u010cudovita poro\u010dna torta - Emazing Academy","isPartOf":{"@id":"https:\/\/emazing-creations.com\/academy\/#website"},"datePublished":"2023-04-26T05:35:11+00:00","dateModified":"2023-05-24T03:09:10+00:00","description":"Na tem demonstracijskem live workshopu se bomo spoznavali z izdelavo dvonadstropne poro\u010dne torte in vsem, kar pa\u0161e zraven.","breadcrumb":{"@id":"https:\/\/emazing-creations.com\/academy\/product\/cudovita-porocna-torta\/#breadcrumb"},"inLanguage":"sl-SI","potentialAction":[{"@type":"ReadAction","target":["https:\/\/emazing-creations.com\/academy\/product\/cudovita-porocna-torta\/"]}]},{"@type":"BreadcrumbList","@id":"https:\/\/emazing-creations.com\/academy\/product\/cudovita-porocna-torta\/#breadcrumb","itemListElement":[{"@type":"ListItem","position":1,"name":"Home","item":"https:\/\/emazing-creations.com\/academy\/"},{"@type":"ListItem","position":2,"name":"Trgovina","item":"https:\/\/emazing-creations.com\/academy\/trgovina\/"},{"@type":"ListItem","position":3,"name":"Cukrmaster &#8211; \u010cudovita poro\u010dna torta"}]},{"@type":"WebSite","@id":"https:\/\/emazing-creations.com\/academy\/#website","url":"https:\/\/emazing-creations.com\/academy\/","name":"Emazing Academy","description":"Sladki spletni te\u010daji","publisher":{"@id":"https:\/\/emazing-creations.com\/academy\/#organization"},"potentialAction":[{"@type":"SearchAction","target":{"@type":"EntryPoint","urlTemplate":"https:\/\/emazing-creations.com\/academy\/?s={search_term_string}"},"query-input":"required name=search_term_string"}],"inLanguage":"sl-SI"},{"@type":"Organization","@id":"https:\/\/emazing-creations.com\/academy\/#organization","name":"Emazing Creations","alternateName":"Emazing Creations","url":"https:\/\/emazing-creations.com\/academy\/","logo":{"@type":"ImageObject","inLanguage":"sl-SI","@id":"https:\/\/emazing-creations.com\/academy\/#\/schema\/logo\/image\/","url":"https:\/\/emazing-creations.com\/academy\/wp-content\/uploads\/logo-main-black-2.svg","contentUrl":"https:\/\/emazing-creations.com\/academy\/wp-content\/uploads\/logo-main-black-2.svg","width":547,"height":147,"caption":"Emazing Creations"},"image":{"@id":"https:\/\/emazing-creations.com\/academy\/#\/schema\/logo\/image\/"},"sameAs":["https:\/\/www.facebook.com\/emazingcreationsbyema\/"]}]}},"_links":{"self":[{"href":"https:\/\/emazing-creations.com\/academy\/wp-json\/wp\/v3\/product\/2963"}],"collection":[{"href":"https:\/\/emazing-creations.com\/academy\/wp-json\/wp\/v3\/product"}],"about":[{"href":"https:\/\/emazing-creations.com\/academy\/wp-json\/wp\/v2\/types\/product"}],"wp:featuredmedia":[{"embeddable":true,"href":"https:\/\/emazing-creations.com\/academy\/wp-json\/wp\/v2\/media\/2964"}],"wp:attachment":[{"href":"https:\/\/emazing-creations.com\/academy\/wp-json\/wp\/v2\/media?parent=2963"}],"wp:term":[{"taxonomy":"product_cat","embeddable":true,"href":"https:\/\/emazing-creations.com\/academy\/wp-json\/wp\/v2\/product_cat?post=2963"},{"taxonomy":"product_tag","embeddable":true,"href":"https:\/\/emazing-creations.com\/academy\/wp-json\/wp\/v2\/product_tag?post=2963"}],"curies":[{"name":"wp","href":"https:\/\/api.w.org\/{rel}","templated":true}]}}