{"id":980,"date":"2022-12-19T10:17:39","date_gmt":"2022-12-19T09:17:39","guid":{"rendered":"https:\/\/emazing-creations.com\/academy\/?page_id=980"},"modified":"2023-01-23T13:36:34","modified_gmt":"2023-01-23T12:36:34","slug":"izdelava-spletne-strani","status":"publish","type":"page","link":"https:\/\/emazing-creations.com\/academy\/izdelava-spletne-strani\/","title":{"rendered":"Izdelava spletne strani"},"content":{"rendered":"\t\t<div data-elementor-type=\"wp-page\" data-elementor-id=\"980\" class=\"elementor elementor-980\">\n\t\t\t\t\t\t\t\t\t<section class=\"elementor-section elementor-top-section elementor-element elementor-element-1575d05 elementor-section-boxed elementor-section-height-default elementor-section-height-default\" data-id=\"1575d05\" data-element_type=\"section\" id=\"mar-lr-l\">\n\t\t\t\t\t\t<div class=\"elementor-container elementor-column-gap-no\">\n\t\t\t\t\t<div class=\"elementor-column elementor-col-50 elementor-top-column elementor-element elementor-element-fec6ffb\" data-id=\"fec6ffb\" data-element_type=\"column\">\n\t\t\t<div class=\"elementor-widget-wrap elementor-element-populated\">\n\t\t\t\t\t\t\t\t<div class=\"elementor-element elementor-element-647f13a elementor-widget elementor-widget-heading\" data-id=\"647f13a\" data-element_type=\"widget\" data-widget_type=\"heading.default\">\n\t\t\t\t<div class=\"elementor-widget-container\">\n\t\t\t<style>\/*! elementor - v3.12.2 - 23-04-2023 *\/\n.elementor-heading-title{padding:0;margin:0;line-height:1}.elementor-widget-heading .elementor-heading-title[class*=elementor-size-]>a{color:inherit;font-size:inherit;line-height:inherit}.elementor-widget-heading .elementor-heading-title.elementor-size-small{font-size:15px}.elementor-widget-heading .elementor-heading-title.elementor-size-medium{font-size:19px}.elementor-widget-heading .elementor-heading-title.elementor-size-large{font-size:29px}.elementor-widget-heading .elementor-heading-title.elementor-size-xl{font-size:39px}.elementor-widget-heading .elementor-heading-title.elementor-size-xxl{font-size:59px}<\/style><h2 class=\"elementor-heading-title elementor-size-default\">Izdelava spletne trgovine Emazing Academy<\/h2>\t\t<\/div>\n\t\t\t\t<\/div>\n\t\t\t\t<div class=\"elementor-element elementor-element-b66df58 elementor-widget elementor-widget-text-editor\" data-id=\"b66df58\" data-element_type=\"widget\" data-widget_type=\"text-editor.default\">\n\t\t\t\t<div class=\"elementor-widget-container\">\n\t\t\t<style>\/*! elementor - v3.12.2 - 23-04-2023 *\/\n.elementor-widget-text-editor.elementor-drop-cap-view-stacked .elementor-drop-cap{background-color:#69727d;color:#fff}.elementor-widget-text-editor.elementor-drop-cap-view-framed .elementor-drop-cap{color:#69727d;border:3px solid;background-color:transparent}.elementor-widget-text-editor:not(.elementor-drop-cap-view-default) .elementor-drop-cap{margin-top:8px}.elementor-widget-text-editor:not(.elementor-drop-cap-view-default) .elementor-drop-cap-letter{width:1em;height:1em}.elementor-widget-text-editor .elementor-drop-cap{float:left;text-align:center;line-height:1;font-size:50px}.elementor-widget-text-editor .elementor-drop-cap-letter{display:inline-block}<\/style>\t\t\t\t<p>To spletno mesto (portal za spletne te\u010daje) je narejeno z ljubeznijo ekipe Artbeat.<\/p>\t\t\t\t\t\t<\/div>\n\t\t\t\t<\/div>\n\t\t\t\t<div class=\"elementor-element elementor-element-10875a6 elementor-list-item-link-inline elementor-widget__width-auto elementor-icon-list--layout-traditional elementor-widget elementor-widget-icon-list\" data-id=\"10875a6\" data-element_type=\"widget\" data-widget_type=\"icon-list.default\">\n\t\t\t\t<div class=\"elementor-widget-container\">\n\t\t\t<link rel=\"stylesheet\" href=\"https:\/\/emazing-creations.com\/academy\/wp-content\/plugins\/elementor\/assets\/css\/widget-icon-list.min.css\">\t\t<ul class=\"elementor-icon-list-items\">\n\t\t\t\t\t\t\t<li class=\"elementor-icon-list-item\">\n\t\t\t\t\t\t\t\t\t\t\t<a href=\"https:\/\/artbeat.si\/storitve\/izdelava-spletne-trgovine\/\" target=\"_blank\">\n\n\t\t\t\t\t\t\t\t\t\t\t\t<span class=\"elementor-icon-list-icon\">\n\t\t\t\t\t\t\t<i aria-hidden=\"true\" class=\"fas fa-chevron-right\"><\/i>\t\t\t\t\t\t<\/span>\n\t\t\t\t\t\t\t\t\t\t<span class=\"elementor-icon-list-text\">Izdelava spletne trgovine<\/span>\n\t\t\t\t\t\t\t\t\t\t\t<\/a>\n\t\t\t\t\t\t\t\t\t<\/li>\n\t\t\t\t\t\t\t\t<li class=\"elementor-icon-list-item\">\n\t\t\t\t\t\t\t\t\t\t\t<a href=\"https:\/\/artbeat.si\/storitve\/sistemi-za-spletne-tecaje\/\" target=\"_blank\">\n\n\t\t\t\t\t\t\t\t\t\t\t\t<span class=\"elementor-icon-list-icon\">\n\t\t\t\t\t\t\t<i aria-hidden=\"true\" class=\"fas fa-chevron-right\"><\/i>\t\t\t\t\t\t<\/span>\n\t\t\t\t\t\t\t\t\t\t<span class=\"elementor-icon-list-text\">Sistemi za spletne te\u010daje<\/span>\n\t\t\t\t\t\t\t\t\t\t\t<\/a>\n\t\t\t\t\t\t\t\t\t<\/li>\n\t\t\t\t\t\t\t\t<li class=\"elementor-icon-list-item\">\n\t\t\t\t\t\t\t\t\t\t\t<a href=\"https:\/\/artbeat.si\/storitve\/izdelava-spletnih-strani\/\" target=\"_blank\">\n\n\t\t\t\t\t\t\t\t\t\t\t\t<span class=\"elementor-icon-list-icon\">\n\t\t\t\t\t\t\t<i aria-hidden=\"true\" class=\"fas fa-chevron-right\"><\/i>\t\t\t\t\t\t<\/span>\n\t\t\t\t\t\t\t\t\t\t<span class=\"elementor-icon-list-text\">Izdelava spletnih strani<\/span>\n\t\t\t\t\t\t\t\t\t\t\t<\/a>\n\t\t\t\t\t\t\t\t\t<\/li>\n\t\t\t\t\t\t<\/ul>\n\t\t\t\t<\/div>\n\t\t\t\t<\/div>\n\t\t\t\t<div class=\"elementor-element elementor-element-b9e34e3 e-grid-align-left elementor-shape-rounded elementor-grid-0 elementor-widget elementor-widget-social-icons\" data-id=\"b9e34e3\" data-element_type=\"widget\" data-widget_type=\"social-icons.default\">\n\t\t\t\t<div class=\"elementor-widget-container\">\n\t\t\t<style>\/*! elementor - v3.12.2 - 23-04-2023 *\/\n.elementor-widget-social-icons.elementor-grid-0 .elementor-widget-container,.elementor-widget-social-icons.elementor-grid-mobile-0 .elementor-widget-container,.elementor-widget-social-icons.elementor-grid-tablet-0 .elementor-widget-container{line-height:1;font-size:0}.elementor-widget-social-icons:not(.elementor-grid-0):not(.elementor-grid-tablet-0):not(.elementor-grid-mobile-0) .elementor-grid{display:inline-grid}.elementor-widget-social-icons .elementor-grid{grid-column-gap:var(--grid-column-gap,5px);grid-row-gap:var(--grid-row-gap,5px);grid-template-columns:var(--grid-template-columns);justify-content:var(--justify-content,center);justify-items:var(--justify-content,center)}.elementor-icon.elementor-social-icon{font-size:var(--icon-size,25px);line-height:var(--icon-size,25px);width:calc(var(--icon-size, 25px) + (2 * var(--icon-padding, .5em)));height:calc(var(--icon-size, 25px) + (2 * var(--icon-padding, .5em)))}.elementor-social-icon{--e-social-icon-icon-color:#fff;display:inline-flex;background-color:#69727d;align-items:center;justify-content:center;text-align:center;cursor:pointer}.elementor-social-icon i{color:var(--e-social-icon-icon-color)}.elementor-social-icon svg{fill:var(--e-social-icon-icon-color)}.elementor-social-icon:last-child{margin:0}.elementor-social-icon:hover{opacity:.9;color:#fff}.elementor-social-icon-android{background-color:#a4c639}.elementor-social-icon-apple{background-color:#999}.elementor-social-icon-behance{background-color:#1769ff}.elementor-social-icon-bitbucket{background-color:#205081}.elementor-social-icon-codepen{background-color:#000}.elementor-social-icon-delicious{background-color:#39f}.elementor-social-icon-deviantart{background-color:#05cc47}.elementor-social-icon-digg{background-color:#005be2}.elementor-social-icon-dribbble{background-color:#ea4c89}.elementor-social-icon-elementor{background-color:#d30c5c}.elementor-social-icon-envelope{background-color:#ea4335}.elementor-social-icon-facebook,.elementor-social-icon-facebook-f{background-color:#3b5998}.elementor-social-icon-flickr{background-color:#0063dc}.elementor-social-icon-foursquare{background-color:#2d5be3}.elementor-social-icon-free-code-camp,.elementor-social-icon-freecodecamp{background-color:#006400}.elementor-social-icon-github{background-color:#333}.elementor-social-icon-gitlab{background-color:#e24329}.elementor-social-icon-globe{background-color:#69727d}.elementor-social-icon-google-plus,.elementor-social-icon-google-plus-g{background-color:#dd4b39}.elementor-social-icon-houzz{background-color:#7ac142}.elementor-social-icon-instagram{background-color:#262626}.elementor-social-icon-jsfiddle{background-color:#487aa2}.elementor-social-icon-link{background-color:#818a91}.elementor-social-icon-linkedin,.elementor-social-icon-linkedin-in{background-color:#0077b5}.elementor-social-icon-medium{background-color:#00ab6b}.elementor-social-icon-meetup{background-color:#ec1c40}.elementor-social-icon-mixcloud{background-color:#273a4b}.elementor-social-icon-odnoklassniki{background-color:#f4731c}.elementor-social-icon-pinterest{background-color:#bd081c}.elementor-social-icon-product-hunt{background-color:#da552f}.elementor-social-icon-reddit{background-color:#ff4500}.elementor-social-icon-rss{background-color:#f26522}.elementor-social-icon-shopping-cart{background-color:#4caf50}.elementor-social-icon-skype{background-color:#00aff0}.elementor-social-icon-slideshare{background-color:#0077b5}.elementor-social-icon-snapchat{background-color:#fffc00}.elementor-social-icon-soundcloud{background-color:#f80}.elementor-social-icon-spotify{background-color:#2ebd59}.elementor-social-icon-stack-overflow{background-color:#fe7a15}.elementor-social-icon-steam{background-color:#00adee}.elementor-social-icon-stumbleupon{background-color:#eb4924}.elementor-social-icon-telegram{background-color:#2ca5e0}.elementor-social-icon-thumb-tack{background-color:#1aa1d8}.elementor-social-icon-tripadvisor{background-color:#589442}.elementor-social-icon-tumblr{background-color:#35465c}.elementor-social-icon-twitch{background-color:#6441a5}.elementor-social-icon-twitter{background-color:#1da1f2}.elementor-social-icon-viber{background-color:#665cac}.elementor-social-icon-vimeo{background-color:#1ab7ea}.elementor-social-icon-vk{background-color:#45668e}.elementor-social-icon-weibo{background-color:#dd2430}.elementor-social-icon-weixin{background-color:#31a918}.elementor-social-icon-whatsapp{background-color:#25d366}.elementor-social-icon-wordpress{background-color:#21759b}.elementor-social-icon-xing{background-color:#026466}.elementor-social-icon-yelp{background-color:#af0606}.elementor-social-icon-youtube{background-color:#cd201f}.elementor-social-icon-500px{background-color:#0099e5}.elementor-shape-rounded .elementor-icon.elementor-social-icon{border-radius:10%}.elementor-shape-circle .elementor-icon.elementor-social-icon{border-radius:50%}<\/style>\t\t<div class=\"elementor-social-icons-wrapper elementor-grid\">\n\t\t\t\t\t\t\t<span class=\"elementor-grid-item\">\n\t\t\t\t\t<a class=\"elementor-icon elementor-social-icon elementor-social-icon- elementor-repeater-item-178a9c1\" href=\"https:\/\/artbeat.si\/\" target=\"_blank\">\n\t\t\t\t\t\t<span class=\"elementor-screen-only\"><\/span>\n\t\t\t\t\t\t<?xml version=\"1.0\" encoding=\"UTF-8\"?>\n<svg xmlns=\"http:\/\/www.w3.org\/2000\/svg\" xmlns:xlink=\"http:\/\/www.w3.org\/1999\/xlink\" xml:space=\"preserve\" width=\"27px\" height=\"27px\" version=\"1.1\" shape-rendering=\"geometricPrecision\" text-rendering=\"geometricPrecision\" image-rendering=\"optimizeQuality\" fill-rule=\"evenodd\" clip-rule=\"evenodd\" viewBox=\"0 0 41 41\">\n <g id=\"Layer_x0020_1\">\n  <metadata id=\"CorelCorpID_0Corel-Layer\"><\/metadata>\n  <g id=\"_2480003758880\">\n   <path fill-rule=\"nonzero\" d=\"M7.8 20.1c0,-2.4 0,-3.6 0.5,-4.8 0.3,-0.6 0.7,-1.1 1.2,-1.7 0.6,-0.5 1.2,-1.1 2.1,-1.8l1.7 -1.5c1.6,-1.4 2.8,-2.4 3.9,-3.1 1.2,-0.8 2.2,-1.2 3.3,-1.2 1.1,0 2.1,0.4 3.3,1.2 1,0.7 2.2,1.7 3.9,3.1 0.5,0.5 1.1,1 1.7,1.5 1.8,1.5 2.7,2.3 3.3,3.5 0.2,0.6 0.4,1.2 0.5,2 0,0.8 0,1.6 0,2.8l0 7.3c0,3.4 0,5.1 -1.2,6.3 -0.6,0.7 -1.4,1 -2.5,1.1 -1,0.2 -2.3,0.2 -3.9,0.2l-0.8 0 0 0 -0.1 0 -8.5 0 0 0 0 0 -0.8 0c-3.5,0 -5.2,0 -6.4,-1.3 -0.6,-0.6 -1,-1.4 -1.1,-2.5 -0.1,-1 -0.1,-2.2 -0.1,-3.8l0 -7.3zm16.2 13.3l0 -7.7c0,-0.3 -0.1,-0.5 -0.3,-0.7 -0.2,-0.2 -0.4,-0.3 -0.7,-0.3l-5.1 0c-0.2,0 -0.5,0.1 -0.6,0.3 -0.2,0.2 -0.3,0.4 -0.3,0.7l0 7.7 7 0zm-8.6 0l0 -7.7c0,-0.7 0.3,-1.4 0.8,-1.8 0.4,-0.4 1,-0.7 1.7,-0.7l5.1 0c0.7,0 1.4,0.3 1.8,0.7 0.5,0.4 0.7,1.1 0.7,1.8l0 7.7 0.1 0c1.6,0 2.8,0 3.7,-0.1 0.7,-0.1 1.2,-0.3 1.6,-0.7 0.8,-0.7 0.8,-2.2 0.8,-5.2l0 -7.3c0,-1.1 0,-2 -0.1,-2.7 0,-0.6 -0.1,-1 -0.3,-1.5 -0.4,-0.8 -1.3,-1.5 -2.9,-2.9 -0.6,-0.5 -1.2,-1.1 -1.7,-1.5 -1.6,-1.4 -2.8,-2.4 -3.8,-3 -0.9,-0.6 -1.6,-0.9 -2.4,-0.9 -0.8,0 -1.5,0.3 -2.4,0.9 -1,0.6 -2.2,1.6 -3.8,3l-1.7 1.4c-0.9,0.8 -1.5,1.3 -2,1.8 -0.4,0.4 -0.7,0.8 -0.9,1.2 -0.4,0.9 -0.4,2 -0.4,4.2l0 7.3c0,1.5 0,2.7 0.1,3.6 0.1,0.8 0.3,1.3 0.7,1.6 0.8,0.8 2.3,0.8 5.3,0.8l0 0z\"><\/path>\n   <rect fill=\"none\" width=\"41\" height=\"41\"><\/rect>\n  <\/g>\n <\/g>\n<\/svg>\n\t\t\t\t\t<\/a>\n\t\t\t\t<\/span>\n\t\t\t\t\t\t\t<span class=\"elementor-grid-item\">\n\t\t\t\t\t<a class=\"elementor-icon elementor-social-icon elementor-social-icon- elementor-repeater-item-ee05aa8\" href=\"mailto:info@artbeat.si\" target=\"_blank\">\n\t\t\t\t\t\t<span class=\"elementor-screen-only\"><\/span>\n\t\t\t\t\t\t<?xml version=\"1.0\" encoding=\"UTF-8\"?>\n<svg xmlns=\"http:\/\/www.w3.org\/2000\/svg\" xmlns:xlink=\"http:\/\/www.w3.org\/1999\/xlink\" xml:space=\"preserve\" width=\"24px\" height=\"24px\" version=\"1.1\" shape-rendering=\"geometricPrecision\" text-rendering=\"geometricPrecision\" image-rendering=\"optimizeQuality\" fill-rule=\"evenodd\" clip-rule=\"evenodd\" viewBox=\"0 0 37.5 37.5\">\n <g id=\"Layer_x0020_1\">\n  <g id=\"_1625803571760\">\n   <rect fill=\"none\" width=\"37.5\" height=\"37.5\"><\/rect>\n   <path fill-rule=\"nonzero\" d=\"M9.4 8.6l18.7 0c1.1,0 2.1,0.4 2.8,1.1 0.7,0.8 1.1,1.7 1.1,2.8l0 12.5c0,1.1 -0.4,2.1 -1.1,2.8 -0.7,0.7 -1.7,1.1 -2.8,1.1l-18.7 0c-1.1,0 -2.1,-0.4 -2.8,-1.1 -0.7,-0.7 -1.1,-1.7 -1.1,-2.8l0 -12.5c0,-1.1 0.4,-2.1 1.1,-2.8 0.7,-0.7 1.7,-1.1 2.8,-1.1zm-2.4 5l10.7 5.3c0.3,0.2 0.7,0.3 1.1,0.3 0.3,0 0.7,-0.1 1,-0.3l10.7 -5.3 0 -1.1c0,-0.6 -0.3,-1.2 -0.7,-1.7 -0.4,-0.4 -1,-0.6 -1.7,-0.6l-18.7 0c-0.7,0 -1.3,0.2 -1.7,0.6 -0.4,0.5 -0.7,1.1 -0.7,1.7l0 1.1zm23.5 1.7l-10 5c-0.5,0.3 -1.1,0.4 -1.7,0.4 -0.6,0 -1.2,-0.1 -1.8,-0.4l-10 -5 0 9.7c0,0.7 0.3,1.2 0.7,1.7 0.4,0.4 1,0.7 1.7,0.7l18.7 0c0.7,0 1.3,-0.3 1.7,-0.7 0.4,-0.5 0.7,-1 0.7,-1.7l0 -9.7z\"><\/path>\n  <\/g>\n <\/g>\n<\/svg>\n\t\t\t\t\t<\/a>\n\t\t\t\t<\/span>\n\t\t\t\t\t<\/div>\n\t\t\t\t<\/div>\n\t\t\t\t<\/div>\n\t\t\t\t<div class=\"elementor-element elementor-element-c34e1ce elementor-widget elementor-widget-image\" data-id=\"c34e1ce\" data-element_type=\"widget\" data-widget_type=\"image.default\">\n\t\t\t\t<div class=\"elementor-widget-container\">\n\t\t\t<style>\/*! elementor - v3.12.2 - 23-04-2023 *\/\n.elementor-widget-image{text-align:center}.elementor-widget-image a{display:inline-block}.elementor-widget-image a img[src$=\".svg\"]{width:48px}.elementor-widget-image img{vertical-align:middle;display:inline-block}<\/style>\t\t\t\t\t\t\t\t\t\t\t\t\t<a href=\"https:\/\/artbeat.si\/\" target=\"_blank\">\n\t\t\t\t\t\t\t<img decoding=\"async\" width=\"800\" height=\"152\" src=\"https:\/\/emazing-creations.com\/academy\/wp-content\/uploads\/artbeat-logo-pozitiv.svg\" class=\"attachment-large size-large wp-image-122\" alt=\"Artbeat logo - Spletne strani in trgovine\" loading=\"lazy\" \/>\t\t\t\t\t\t\t\t<\/a>\n\t\t\t\t\t\t\t\t\t\t\t\t\t\t\t<\/div>\n\t\t\t\t<\/div>\n\t\t\t\t\t<\/div>\n\t\t<\/div>\n\t\t\t\t<div class=\"elementor-column elementor-col-50 elementor-top-column elementor-element elementor-element-cdf908e\" data-id=\"cdf908e\" data-element_type=\"column\">\n\t\t\t<div class=\"elementor-widget-wrap elementor-element-populated\">\n\t\t\t\t\t\t\t\t<div class=\"elementor-element elementor-element-0b5fb0f elementor-widget elementor-widget-text-editor\" data-id=\"0b5fb0f\" data-element_type=\"widget\" data-widget_type=\"text-editor.default\">\n\t\t\t\t<div class=\"elementor-widget-container\">\n\t\t\t\t\t\t\t<div class=\"elementor-element elementor-element-1c35f06 elementor-widget elementor-widget-heading\" data-id=\"1c35f06\" data-element_type=\"widget\" data-widget_type=\"heading.default\"><div class=\"elementor-widget-container\"><h3 class=\"elementor-heading-title elementor-size-default\">Avtorske pravice<\/h3><\/div><\/div><div class=\"elementor-element elementor-element-0c1f39a elementor-widget elementor-widget-text-editor\" data-id=\"0c1f39a\" data-element_type=\"widget\" data-widget_type=\"text-editor.default\"><div class=\"elementor-widget-container\"><div class=\"elementor-text-editor elementor-clearfix\"><p>Besedilo, grafi\u010dni elementi in grafi\u010dna podoba, ki so objavljeni na domeni emazing-creations.com so avtorsko za\u0161\u010diteni. Kopiranje in objavljanje vsebine, delno ali v celoti, je prepovedano, razen v primeru uporabe za nekomercialne namene, ob pravilnem citiranju in s soglasjem odgovorne osebe.<\/p><\/div><\/div><\/div><div class=\"elementor-element elementor-element-4ad9e33 elementor-widget elementor-widget-heading\" data-id=\"4ad9e33\" data-element_type=\"widget\" data-widget_type=\"heading.default\"><div class=\"elementor-widget-container\"><h3 class=\"elementor-heading-title elementor-size-default\">Fotografije<\/h3><\/div><\/div><div class=\"elementor-element elementor-element-319997f elementor-widget elementor-widget-text-editor\" data-id=\"319997f\" data-element_type=\"widget\" data-widget_type=\"text-editor.default\"><div class=\"elementor-widget-container\"><div class=\"elementor-text-editor elementor-clearfix\"><p>Fotografije uporabljene na spletni strani emazing-creations.com so iz spletnih knji\u017enic freepik.com, pexels.com, pixabay.com, unsplash.com, stock.adobe.com ter iz arhiva podjetja Emazing Creations d.o.o. in so last njihovih avtorjev.<\/p><\/div><\/div><\/div>\t\t\t\t\t\t<\/div>\n\t\t\t\t<\/div>\n\t\t\t\t\t<\/div>\n\t\t<\/div>\n\t\t\t\t\t\t\t<\/div>\n\t\t<\/section>\n\t\t\t\t\t\t\t<\/div>\n\t\t","protected":false},"excerpt":{"rendered":"<p>Izdelava spletne trgovine Emazing Academy To spletno mesto (portal za spletne te\u010daje) je narejeno z ljubeznijo ekipe Artbeat. Izdelava spletne trgovine Sistemi za spletne te\u010daje Izdelava spletnih strani Avtorske pravice Besedilo, grafi\u010dni elementi in grafi\u010dna podoba, ki so objavljeni na domeni emazing-creations.com so avtorsko za\u0161\u010diteni. Kopiranje in objavljanje vsebine, delno ali v celoti, je prepovedano, [&hellip;]<\/p>\n","protected":false},"author":1,"featured_media":0,"parent":0,"menu_order":1000,"comment_status":"closed","ping_status":"closed","template":"elementor_header_footer","meta":{"inline_featured_image":false,"_mi_skip_tracking":false},"yoast_head":"<!-- This site is optimized with the Yoast SEO plugin v20.6 - https:\/\/yoast.com\/wordpress\/plugins\/seo\/ -->\n<title>Izdelava spletne strani - Emazing Academy<\/title>\n<meta name=\"robots\" content=\"index, follow, max-snippet:-1, max-image-preview:large, max-video-preview:-1\" \/>\n<link rel=\"canonical\" href=\"https:\/\/emazing-creations.com\/academy\/izdelava-spletne-strani\/\" \/>\n<meta property=\"og:locale\" content=\"sl_SI\" \/>\n<meta property=\"og:type\" content=\"article\" \/>\n<meta property=\"og:title\" content=\"Izdelava spletne strani - Emazing Academy\" \/>\n<meta property=\"og:description\" content=\"Izdelava spletne trgovine Emazing Academy To spletno mesto (portal za spletne te\u010daje) je narejeno z ljubeznijo ekipe Artbeat. Izdelava spletne trgovine Sistemi za spletne te\u010daje Izdelava spletnih strani Avtorske pravice Besedilo, grafi\u010dni elementi in grafi\u010dna podoba, ki so objavljeni na domeni emazing-creations.com so avtorsko za\u0161\u010diteni. Kopiranje in objavljanje vsebine, delno ali v celoti, je prepovedano, [&hellip;]\" \/>\n<meta property=\"og:url\" content=\"https:\/\/emazing-creations.com\/academy\/izdelava-spletne-strani\/\" \/>\n<meta property=\"og:site_name\" content=\"Emazing Academy\" \/>\n<meta property=\"article:publisher\" content=\"https:\/\/www.facebook.com\/emazingcreationsbyema\/\" \/>\n<meta property=\"article:modified_time\" content=\"2023-01-23T12:36:34+00:00\" \/>\n<meta property=\"og:image\" content=\"https:\/\/emazing-creations.com\/academy\/wp-content\/uploads\/artbeat-logo-pozitiv.svg\" \/>\n<meta name=\"twitter:card\" content=\"summary_large_image\" \/>\n<script type=\"application\/ld+json\" class=\"yoast-schema-graph\">{\"@context\":\"https:\/\/schema.org\",\"@graph\":[{\"@type\":\"WebPage\",\"@id\":\"https:\/\/emazing-creations.com\/academy\/izdelava-spletne-strani\/\",\"url\":\"https:\/\/emazing-creations.com\/academy\/izdelava-spletne-strani\/\",\"name\":\"Izdelava spletne strani - Emazing Academy\",\"isPartOf\":{\"@id\":\"https:\/\/emazing-creations.com\/academy\/#website\"},\"datePublished\":\"2022-12-19T09:17:39+00:00\",\"dateModified\":\"2023-01-23T12:36:34+00:00\",\"breadcrumb\":{\"@id\":\"https:\/\/emazing-creations.com\/academy\/izdelava-spletne-strani\/#breadcrumb\"},\"inLanguage\":\"sl-SI\",\"potentialAction\":[{\"@type\":\"ReadAction\",\"target\":[\"https:\/\/emazing-creations.com\/academy\/izdelava-spletne-strani\/\"]}]},{\"@type\":\"BreadcrumbList\",\"@id\":\"https:\/\/emazing-creations.com\/academy\/izdelava-spletne-strani\/#breadcrumb\",\"itemListElement\":[{\"@type\":\"ListItem\",\"position\":1,\"name\":\"Home\",\"item\":\"https:\/\/emazing-creations.com\/academy\/\"},{\"@type\":\"ListItem\",\"position\":2,\"name\":\"Izdelava spletne strani\"}]},{\"@type\":\"WebSite\",\"@id\":\"https:\/\/emazing-creations.com\/academy\/#website\",\"url\":\"https:\/\/emazing-creations.com\/academy\/\",\"name\":\"Emazing Academy\",\"description\":\"Sladki spletni te\u010daji\",\"publisher\":{\"@id\":\"https:\/\/emazing-creations.com\/academy\/#organization\"},\"potentialAction\":[{\"@type\":\"SearchAction\",\"target\":{\"@type\":\"EntryPoint\",\"urlTemplate\":\"https:\/\/emazing-creations.com\/academy\/?s={search_term_string}\"},\"query-input\":\"required name=search_term_string\"}],\"inLanguage\":\"sl-SI\"},{\"@type\":\"Organization\",\"@id\":\"https:\/\/emazing-creations.com\/academy\/#organization\",\"name\":\"Emazing Creations\",\"alternateName\":\"Emazing Creations\",\"url\":\"https:\/\/emazing-creations.com\/academy\/\",\"logo\":{\"@type\":\"ImageObject\",\"inLanguage\":\"sl-SI\",\"@id\":\"https:\/\/emazing-creations.com\/academy\/#\/schema\/logo\/image\/\",\"url\":\"https:\/\/emazing-creations.com\/academy\/wp-content\/uploads\/logo-main-black-2.svg\",\"contentUrl\":\"https:\/\/emazing-creations.com\/academy\/wp-content\/uploads\/logo-main-black-2.svg\",\"width\":547,\"height\":147,\"caption\":\"Emazing Creations\"},\"image\":{\"@id\":\"https:\/\/emazing-creations.com\/academy\/#\/schema\/logo\/image\/\"},\"sameAs\":[\"https:\/\/www.facebook.com\/emazingcreationsbyema\/\"]}]}<\/script>\n<!-- \/ Yoast SEO plugin. -->","yoast_head_json":{"title":"Izdelava spletne strani - Emazing Academy","robots":{"index":"index","follow":"follow","max-snippet":"max-snippet:-1","max-image-preview":"max-image-preview:large","max-video-preview":"max-video-preview:-1"},"canonical":"https:\/\/emazing-creations.com\/academy\/izdelava-spletne-strani\/","og_locale":"sl_SI","og_type":"article","og_title":"Izdelava spletne strani - Emazing Academy","og_description":"Izdelava spletne trgovine Emazing Academy To spletno mesto (portal za spletne te\u010daje) je narejeno z ljubeznijo ekipe Artbeat. Izdelava spletne trgovine Sistemi za spletne te\u010daje Izdelava spletnih strani Avtorske pravice Besedilo, grafi\u010dni elementi in grafi\u010dna podoba, ki so objavljeni na domeni emazing-creations.com so avtorsko za\u0161\u010diteni. Kopiranje in objavljanje vsebine, delno ali v celoti, je prepovedano, [&hellip;]","og_url":"https:\/\/emazing-creations.com\/academy\/izdelava-spletne-strani\/","og_site_name":"Emazing Academy","article_publisher":"https:\/\/www.facebook.com\/emazingcreationsbyema\/","article_modified_time":"2023-01-23T12:36:34+00:00","og_image":[{"url":"https:\/\/emazing-creations.com\/academy\/wp-content\/uploads\/artbeat-logo-pozitiv.svg"}],"twitter_card":"summary_large_image","schema":{"@context":"https:\/\/schema.org","@graph":[{"@type":"WebPage","@id":"https:\/\/emazing-creations.com\/academy\/izdelava-spletne-strani\/","url":"https:\/\/emazing-creations.com\/academy\/izdelava-spletne-strani\/","name":"Izdelava spletne strani - Emazing Academy","isPartOf":{"@id":"https:\/\/emazing-creations.com\/academy\/#website"},"datePublished":"2022-12-19T09:17:39+00:00","dateModified":"2023-01-23T12:36:34+00:00","breadcrumb":{"@id":"https:\/\/emazing-creations.com\/academy\/izdelava-spletne-strani\/#breadcrumb"},"inLanguage":"sl-SI","potentialAction":[{"@type":"ReadAction","target":["https:\/\/emazing-creations.com\/academy\/izdelava-spletne-strani\/"]}]},{"@type":"BreadcrumbList","@id":"https:\/\/emazing-creations.com\/academy\/izdelava-spletne-strani\/#breadcrumb","itemListElement":[{"@type":"ListItem","position":1,"name":"Home","item":"https:\/\/emazing-creations.com\/academy\/"},{"@type":"ListItem","position":2,"name":"Izdelava spletne strani"}]},{"@type":"WebSite","@id":"https:\/\/emazing-creations.com\/academy\/#website","url":"https:\/\/emazing-creations.com\/academy\/","name":"Emazing Academy","description":"Sladki spletni te\u010daji","publisher":{"@id":"https:\/\/emazing-creations.com\/academy\/#organization"},"potentialAction":[{"@type":"SearchAction","target":{"@type":"EntryPoint","urlTemplate":"https:\/\/emazing-creations.com\/academy\/?s={search_term_string}"},"query-input":"required name=search_term_string"}],"inLanguage":"sl-SI"},{"@type":"Organization","@id":"https:\/\/emazing-creations.com\/academy\/#organization","name":"Emazing Creations","alternateName":"Emazing Creations","url":"https:\/\/emazing-creations.com\/academy\/","logo":{"@type":"ImageObject","inLanguage":"sl-SI","@id":"https:\/\/emazing-creations.com\/academy\/#\/schema\/logo\/image\/","url":"https:\/\/emazing-creations.com\/academy\/wp-content\/uploads\/logo-main-black-2.svg","contentUrl":"https:\/\/emazing-creations.com\/academy\/wp-content\/uploads\/logo-main-black-2.svg","width":547,"height":147,"caption":"Emazing Creations"},"image":{"@id":"https:\/\/emazing-creations.com\/academy\/#\/schema\/logo\/image\/"},"sameAs":["https:\/\/www.facebook.com\/emazingcreationsbyema\/"]}]}},"_links":{"self":[{"href":"https:\/\/emazing-creations.com\/academy\/wp-json\/wp\/v2\/pages\/980"}],"collection":[{"href":"https:\/\/emazing-creations.com\/academy\/wp-json\/wp\/v2\/pages"}],"about":[{"href":"https:\/\/emazing-creations.com\/academy\/wp-json\/wp\/v2\/types\/page"}],"author":[{"embeddable":true,"href":"https:\/\/emazing-creations.com\/academy\/wp-json\/wp\/v2\/users\/1"}],"replies":[{"embeddable":true,"href":"https:\/\/emazing-creations.com\/academy\/wp-json\/wp\/v2\/comments?post=980"}],"version-history":[{"count":10,"href":"https:\/\/emazing-creations.com\/academy\/wp-json\/wp\/v2\/pages\/980\/revisions"}],"predecessor-version":[{"id":2417,"href":"https:\/\/emazing-creations.com\/academy\/wp-json\/wp\/v2\/pages\/980\/revisions\/2417"}],"wp:attachment":[{"href":"https:\/\/emazing-creations.com\/academy\/wp-json\/wp\/v2\/media?parent=980"}],"curies":[{"name":"wp","href":"https:\/\/api.w.org\/{rel}","templated":true}]}}